{"id":7296,"date":"2024-02-26T16:26:44","date_gmt":"2024-02-26T16:26:44","guid":{"rendered":"https:\/\/sial.courses\/?page_id=7296"},"modified":"2024-02-26T16:28:54","modified_gmt":"2024-02-26T16:28:54","slug":"vacancy-italian-teacher-in-london-ealing","status":"publish","type":"page","link":"https:\/\/sial.courses\/it\/chi-siamo\/lavora-con-noi\/posizione-aperta-insegnante-italiano-east-london\/","title":{"rendered":"Vacancy &#8211; Italian Teacher in London (multiple locations)"},"content":{"rendered":"<p><b>Posizione aperta - Insegnante di italiano a Londra (zone diverse)<br \/>\n(Annuncio pubblicato il 26 febbraio 2024)<\/b><\/p>\n<p><b>Ruolo:<\/b><\/p>\n<p><span style=\"font-weight: 400;\">SIAL.courses (La Scuola Italiana a Londra) \u00e8 alla ricerca di un Insegnante madrelingua Italiana qualificato per l\u2019insegnamento di corsi di primaria, motivato e appassionato, e che sia interessato a lavorare nelle seguenti zone a Londra:<strong> Ealing, Harrow, Richmond e Sydenham.<\/strong><\/span><\/p>\n<p><em>Corsi extra-curriculari:<\/em><\/p>\n<p>Ealing: mercoled\u00ec, 4:00-5:00PM e 5:00-6:30PM<br \/>\nHarrow: gioved\u00ec, 4:00-5:30PM<br \/>\nRichmond: venerd\u00ec, 4:15-5:45PM<\/p>\n<p><em>Corso integrato:<\/em><br \/>\nSydenham: marted\u00ec, 3 ore e 55 minuti tra le 09:00AM e le 4:00PM<\/p>\n<p>Il candidato ideale deve dimostrare la propria esperienza nell'insegnamento della lingua Italiana.<\/p>\n<p><b>La nostra missione:<\/b><\/p>\n<p><span style=\"font-weight: 400;\">In SIAL.courses, miriamo a offrire a tutti la possibilit\u00e0 di imparare e fare propria la lingua e la cultura Italiana. Nell'ambito di SIAL.charity, lavoriamo per promuovere la conoscenza e supportare la comprensione della lingua e della cultura Italiana nel Regno Unito.<\/span><\/p>\n<p><span style=\"font-weight: 400;\">SIAL.courses offre corsi di Lingua e Cultura Italiana organizzati con il supporto del Ministero degli Affari Esteri e della Cooperazione Internazionale e in collaborazione con il Consolato Generale d'Italia a Londra.<\/span><\/p>\n<p><b>Requisiti:<\/b><\/p>\n<ul>\n<li style=\"font-weight: 400;\" aria-level=\"1\"><span style=\"font-weight: 400;\">Preferibile DITALS o CELTA o titoli equivalenti<\/span><\/li>\n<li style=\"font-weight: 400;\" aria-level=\"1\"><span style=\"font-weight: 400;\">Qualified Teacher Status (QTS) o qualifica equivalente<\/span><\/li>\n<li style=\"font-weight: 400;\" aria-level=\"1\"><span style=\"font-weight: 400;\">Una Laurea in Lettere o pertinente<\/span><\/li>\n<li style=\"font-weight: 400;\" aria-level=\"1\"><span style=\"font-weight: 400;\">Essere in grado di insegnare l\u2019Italiano a tutti i key stages<\/span><\/li>\n<li style=\"font-weight: 400;\" aria-level=\"1\"><span style=\"font-weight: 400;\">Essere in grado di creare lezioni coinvolgenti e stimolanti<\/span><\/li>\n<li style=\"font-weight: 400;\" aria-level=\"1\"><span style=\"font-weight: 400;\">Abilit\u00e0 di gestione della condotta degli studenti<\/span><\/li>\n<li style=\"font-weight: 400;\" aria-level=\"1\"><span style=\"font-weight: 400;\">Forti capacit\u00e0 interpersonali per comunicare efficacemente con il personale, i genitori e gli studenti<\/span><\/li>\n<li style=\"font-weight: 400;\" aria-level=\"1\"><span style=\"font-weight: 400;\">Ottime capacit\u00e0 organizzative e di gestione del tempo<\/span><\/li>\n<li style=\"font-weight: 400;\" aria-level=\"1\"><span style=\"font-weight: 400;\">Essere votato a tutelare i bambini e i giovani. Tutto il personale effettuer\u00e0 colloqui approfonditi e controlli di referenziazione e terr\u00e0, o sar\u00e0 preparato a sottoporsi a, un controllo DBS avanzato che dovr\u00e0 essere registrato nel Servizio di aggiornamento.<\/span><\/li>\n<li style=\"font-weight: 400;\" aria-level=\"1\"><span style=\"font-weight: 400;\">Avere accesso ai mezzi di trasporto ed essere disposto a recarsi nelle scuole (le spese saranno rimborsate)<br \/>\n<\/span><\/li>\n<li aria-level=\"1\">Residenti nel Regno Unito (ai candidati verr\u00e0 richiesto di provare il \"right to work in the UK\")<\/li>\n<li style=\"font-weight: 400;\" aria-level=\"1\"><span style=\"font-weight: 400;\">Disponibilit\u00e0 immediata<\/span><\/li>\n<\/ul>\n<p><b>Come candidarsi:<\/b><\/p>\n<p><span style=\"font-weight: 400;\">Inviare il proprio CV all'indirizzo <a href=\"mailto:corsi-italiano@sial.courses\">corsi-italiano@sial.courses<\/a><\/span><\/p>","protected":false},"excerpt":{"rendered":"<p>Italian Language Teachers in London (Job posted on the 26th February 2024) Role: SIAL.courses (La Scuola Italiana a Londra) is seeking a qualified, motivated and inspirational<span class=\"excerpt-hellip\"> [\u2026]<\/span><\/p>\n","protected":false},"author":3,"featured_media":0,"parent":150,"menu_order":0,"comment_status":"closed","ping_status":"closed","template":"","meta":{"footnotes":""},"class_list":["post-7296","page","type-page","status-publish","hentry"],"yoast_head":"<!-- This site is optimized with the Yoast SEO plugin v27.3 - https:\/\/yoast.com\/product\/yoast-seo-wordpress\/ -->\n<title>Recruiting Italian Teachers in London - SIAL.courses<\/title>\n<meta name=\"description\" content=\"We are seeking an experienced Italian mother tongue Primary Teacher to teach in multiple locations in East London.\" \/>\n<meta name=\"robots\" content=\"index, follow, max-snippet:-1, max-image-preview:large, max-video-preview:-1\" \/>\n<link rel=\"canonical\" href=\"https:\/\/sial.courses\/it\/about-us\/work-with-us\/vacancy-italian-teacher-in-london-ealing\/\" \/>\n<meta property=\"og:locale\" content=\"it_IT\" \/>\n<meta property=\"og:type\" content=\"article\" \/>\n<meta property=\"og:title\" content=\"Recruiting Italian Teachers in London - SIAL.courses\" \/>\n<meta property=\"og:description\" content=\"We are seeking an experienced Italian mother tongue Primary Teacher to teach in multiple locations in East London.\" \/>\n<meta property=\"og:url\" content=\"https:\/\/sial.courses\/it\/about-us\/work-with-us\/vacancy-italian-teacher-in-london-ealing\/\" \/>\n<meta property=\"og:site_name\" content=\"SIAL.courses\" \/>\n<meta property=\"article:modified_time\" content=\"2024-02-26T16:28:54+00:00\" \/>\n<meta name=\"twitter:card\" content=\"summary_large_image\" \/>\n<meta name=\"twitter:label1\" content=\"Tempo di lettura stimato\" \/>\n\t<meta name=\"twitter:data1\" content=\"2 minuti\" \/>\n<script type=\"application\/ld+json\" class=\"yoast-schema-graph\">{\"@context\":\"https:\\\/\\\/schema.org\",\"@graph\":[{\"@type\":\"WebPage\",\"@id\":\"https:\\\/\\\/sial.courses\\\/about-us\\\/work-with-us\\\/vacancy-italian-teacher-in-london-ealing\\\/\",\"url\":\"https:\\\/\\\/sial.courses\\\/about-us\\\/work-with-us\\\/vacancy-italian-teacher-in-london-ealing\\\/\",\"name\":\"Recruiting Italian Teachers in London - SIAL.courses\",\"isPartOf\":{\"@id\":\"https:\\\/\\\/sial.courses\\\/it\\\/#website\"},\"datePublished\":\"2024-02-26T16:26:44+00:00\",\"dateModified\":\"2024-02-26T16:28:54+00:00\",\"description\":\"We are seeking an experienced Italian mother tongue Primary Teacher to teach in multiple locations in East London.\",\"breadcrumb\":{\"@id\":\"https:\\\/\\\/sial.courses\\\/about-us\\\/work-with-us\\\/vacancy-italian-teacher-in-london-ealing\\\/#breadcrumb\"},\"inLanguage\":\"it-IT\",\"potentialAction\":[{\"@type\":\"ReadAction\",\"target\":[\"https:\\\/\\\/sial.courses\\\/about-us\\\/work-with-us\\\/vacancy-italian-teacher-in-london-ealing\\\/\"]}]},{\"@type\":\"BreadcrumbList\",\"@id\":\"https:\\\/\\\/sial.courses\\\/about-us\\\/work-with-us\\\/vacancy-italian-teacher-in-london-ealing\\\/#breadcrumb\",\"itemListElement\":[{\"@type\":\"ListItem\",\"position\":1,\"name\":\"Home\",\"item\":\"https:\\\/\\\/sial.courses\\\/\"},{\"@type\":\"ListItem\",\"position\":2,\"name\":\"About Us\",\"item\":\"https:\\\/\\\/sial.courses\\\/about-us\\\/\"},{\"@type\":\"ListItem\",\"position\":3,\"name\":\"Work with us\",\"item\":\"https:\\\/\\\/sial.courses\\\/about-us\\\/work-with-us\\\/\"},{\"@type\":\"ListItem\",\"position\":4,\"name\":\"Vacancy &#8211; Italian Teacher in London (multiple locations)\"}]},{\"@type\":\"WebSite\",\"@id\":\"https:\\\/\\\/sial.courses\\\/it\\\/#website\",\"url\":\"https:\\\/\\\/sial.courses\\\/it\\\/\",\"name\":\"SIAL.courses\",\"description\":\"Italian for all\",\"potentialAction\":[{\"@type\":\"SearchAction\",\"target\":{\"@type\":\"EntryPoint\",\"urlTemplate\":\"https:\\\/\\\/sial.courses\\\/it\\\/?s={search_term_string}\"},\"query-input\":{\"@type\":\"PropertyValueSpecification\",\"valueRequired\":true,\"valueName\":\"search_term_string\"}}],\"inLanguage\":\"it-IT\"}]}<\/script>\n<!-- \/ Yoast SEO plugin. -->","yoast_head_json":{"title":"Recruiting Italian Teachers in London - SIAL.courses","description":"We are seeking an experienced Italian mother tongue Primary Teacher to teach in multiple locations in East London.","robots":{"index":"index","follow":"follow","max-snippet":"max-snippet:-1","max-image-preview":"max-image-preview:large","max-video-preview":"max-video-preview:-1"},"canonical":"https:\/\/sial.courses\/it\/about-us\/work-with-us\/vacancy-italian-teacher-in-london-ealing\/","og_locale":"it_IT","og_type":"article","og_title":"Recruiting Italian Teachers in London - SIAL.courses","og_description":"We are seeking an experienced Italian mother tongue Primary Teacher to teach in multiple locations in East London.","og_url":"https:\/\/sial.courses\/it\/about-us\/work-with-us\/vacancy-italian-teacher-in-london-ealing\/","og_site_name":"SIAL.courses","article_modified_time":"2024-02-26T16:28:54+00:00","twitter_card":"summary_large_image","twitter_misc":{"Tempo di lettura stimato":"2 minuti"},"schema":{"@context":"https:\/\/schema.org","@graph":[{"@type":"WebPage","@id":"https:\/\/sial.courses\/about-us\/work-with-us\/vacancy-italian-teacher-in-london-ealing\/","url":"https:\/\/sial.courses\/about-us\/work-with-us\/vacancy-italian-teacher-in-london-ealing\/","name":"Recruiting Italian Teachers in London - SIAL.courses","isPartOf":{"@id":"https:\/\/sial.courses\/it\/#website"},"datePublished":"2024-02-26T16:26:44+00:00","dateModified":"2024-02-26T16:28:54+00:00","description":"We are seeking an experienced Italian mother tongue Primary Teacher to teach in multiple locations in East London.","breadcrumb":{"@id":"https:\/\/sial.courses\/about-us\/work-with-us\/vacancy-italian-teacher-in-london-ealing\/#breadcrumb"},"inLanguage":"it-IT","potentialAction":[{"@type":"ReadAction","target":["https:\/\/sial.courses\/about-us\/work-with-us\/vacancy-italian-teacher-in-london-ealing\/"]}]},{"@type":"BreadcrumbList","@id":"https:\/\/sial.courses\/about-us\/work-with-us\/vacancy-italian-teacher-in-london-ealing\/#breadcrumb","itemListElement":[{"@type":"ListItem","position":1,"name":"Home","item":"https:\/\/sial.courses\/"},{"@type":"ListItem","position":2,"name":"About Us","item":"https:\/\/sial.courses\/about-us\/"},{"@type":"ListItem","position":3,"name":"Work with us","item":"https:\/\/sial.courses\/about-us\/work-with-us\/"},{"@type":"ListItem","position":4,"name":"Vacancy &#8211; Italian Teacher in London (multiple locations)"}]},{"@type":"WebSite","@id":"https:\/\/sial.courses\/it\/#website","url":"https:\/\/sial.courses\/it\/","name":"SIAL.courses","description":"Italian for all","potentialAction":[{"@type":"SearchAction","target":{"@type":"EntryPoint","urlTemplate":"https:\/\/sial.courses\/it\/?s={search_term_string}"},"query-input":{"@type":"PropertyValueSpecification","valueRequired":true,"valueName":"search_term_string"}}],"inLanguage":"it-IT"}]}},"_links":{"self":[{"href":"https:\/\/sial.courses\/it\/wp-json\/wp\/v2\/pages\/7296","targetHints":{"allow":["GET"]}}],"collection":[{"href":"https:\/\/sial.courses\/it\/wp-json\/wp\/v2\/pages"}],"about":[{"href":"https:\/\/sial.courses\/it\/wp-json\/wp\/v2\/types\/page"}],"author":[{"embeddable":true,"href":"https:\/\/sial.courses\/it\/wp-json\/wp\/v2\/users\/3"}],"replies":[{"embeddable":true,"href":"https:\/\/sial.courses\/it\/wp-json\/wp\/v2\/comments?post=7296"}],"version-history":[{"count":2,"href":"https:\/\/sial.courses\/it\/wp-json\/wp\/v2\/pages\/7296\/revisions"}],"predecessor-version":[{"id":7298,"href":"https:\/\/sial.courses\/it\/wp-json\/wp\/v2\/pages\/7296\/revisions\/7298"}],"up":[{"embeddable":true,"href":"https:\/\/sial.courses\/it\/wp-json\/wp\/v2\/pages\/150"}],"wp:attachment":[{"href":"https:\/\/sial.courses\/it\/wp-json\/wp\/v2\/media?parent=7296"}],"curies":[{"name":"wp","href":"https:\/\/api.w.org\/{rel}","templated":true}]}}