{"id":7099,"date":"2024-02-09T09:59:42","date_gmt":"2024-02-09T09:59:42","guid":{"rendered":"https:\/\/sial.courses\/?page_id=7099"},"modified":"2024-03-22T16:07:18","modified_gmt":"2024-03-22T16:07:18","slug":"seeds-of-lampedusa","status":"publish","type":"page","link":"https:\/\/sial.courses\/it\/semi-di-lampedusa\/","title":{"rendered":"Semi di Lampedusa 2024"},"content":{"rendered":"<div data-elementor-type=\"wp-page\" data-elementor-id=\"7099\" class=\"elementor elementor-7099\">\n\t\t\t\t\t\t<section class=\"elementor-section elementor-top-section elementor-element elementor-element-20e90c1 elementor-section-boxed elementor-section-height-default elementor-section-height-default\" data-id=\"20e90c1\" data-element_type=\"section\">\n\t\t\t\t\t\t<div class=\"elementor-container elementor-column-gap-default\">\n\t\t\t\t\t<div class=\"elementor-column elementor-col-16 elementor-top-column elementor-element elementor-element-6fd3315\" data-id=\"6fd3315\" data-element_type=\"column\">\n\t\t\t<div class=\"elementor-widget-wrap\">\n\t\t\t\t\t\t\t<\/div>\n\t\t<\/div>\n\t\t\t\t<div class=\"elementor-column elementor-col-66 elementor-top-column elementor-element elementor-element-a8a2dfc\" data-id=\"a8a2dfc\" data-element_type=\"column\">\n\t\t\t<div class=\"elementor-widget-wrap elementor-element-populated\">\n\t\t\t\t\t\t<div class=\"elementor-element elementor-element-d718a45 elementor-widget elementor-widget-image\" data-id=\"d718a45\" data-element_type=\"widget\" data-widget_type=\"image.default\">\n\t\t\t\t<div class=\"elementor-widget-container\">\n\t\t\t\t\t\t\t\t\t\t\t\t\t\t\t<img fetchpriority=\"high\" decoding=\"async\" width=\"1024\" height=\"538\" src=\"https:\/\/sial.courses\/wp-content\/uploads\/2024\/03\/Semi-Lampedusa-Facebook-Post-1024x538.png\" class=\"attachment-large size-large wp-image-7421\" alt=\"\" srcset=\"https:\/\/sial.courses\/wp-content\/uploads\/2024\/03\/Semi-Lampedusa-Facebook-Post-1024x538.png 1024w, https:\/\/sial.courses\/wp-content\/uploads\/2024\/03\/Semi-Lampedusa-Facebook-Post-300x158.png 300w, https:\/\/sial.courses\/wp-content\/uploads\/2024\/03\/Semi-Lampedusa-Facebook-Post-768x403.png 768w, https:\/\/sial.courses\/wp-content\/uploads\/2024\/03\/Semi-Lampedusa-Facebook-Post-260x137.png 260w, https:\/\/sial.courses\/wp-content\/uploads\/2024\/03\/Semi-Lampedusa-Facebook-Post-50x26.png 50w, https:\/\/sial.courses\/wp-content\/uploads\/2024\/03\/Semi-Lampedusa-Facebook-Post-143x75.png 143w, https:\/\/sial.courses\/wp-content\/uploads\/2024\/03\/Semi-Lampedusa-Facebook-Post.png 1200w\" sizes=\"(max-width: 1024px) 100vw, 1024px\" \/>\t\t\t\t\t\t\t\t\t\t\t\t\t\t\t<\/div>\n\t\t\t\t<\/div>\n\t\t\t\t<div class=\"elementor-element elementor-element-0fa29a0 elementor-widget elementor-widget-text-editor\" data-id=\"0fa29a0\" data-element_type=\"widget\" data-widget_type=\"text-editor.default\">\n\t\t\t\t<div class=\"elementor-widget-container\">\n\t\t\t\t\t\t\t\t\t<h4><strong>Semi di Lampedusa - Siamo sulla stessa barca&nbsp;<\/strong><\/h4>\n<p><em> Un evento in lingua italiana per adulti e ragazzi, con l'obiettivo promuovere la cultura dell'accoglienza.<\/em><\/p>\n<p class=\" translation-block\">SIAL.courses ha il piacere di accogliere il <a href=\"https:\/\/www.comitatotreottobre.it\/\" target=\"_blank\" rel=\"noopener\">Comitato Tre Ottobre<\/a> per un evento di <strong>sensibilizzazione sui temi dell'integrazione e dell'accoglienza<\/strong>.\n<br>\nVenerd\u00ec 22 marzo 2024 ci raggiunger\u00e0 a Londra, presso la SIAL.school di Holland Park, <strong>Tareke Brhane<\/strong>, Presidente del Comitato Tre Ottobre.<\/p>\n<p>L'evento sar\u00e0 l'occasione discutere insieme e ampliare la conoscenza e la consapevolezza sui temi del fenomeno migratorio, dei diritti umani dei rifugiati e dei richiedenti asilo.<\/p>\n<p class=\" translation-block\">Siete <strong>tutti invitati, insieme ai vostri ragazzi<\/strong>, a questo evento finalizzato a promuovere tra le giovani generazioni una cultura dell'accoglienza e della solidariet\u00e0 al fine di contrastare intolleranza, razzismo e discriminazione e favorire processi di inclusione e inserimento sociale dei migranti.<\/p>\n<h5><strong>Agenda<\/strong><\/h5>\n<p><strong>18:30 \u2013 18:35<\/strong>&nbsp; Benvenuto<br><strong>18:35 \u2013 18:45<\/strong>&nbsp; Marcello Romano e un gruppo di studenti del Lyc\u00e9e Francais Charles de Gaulle presentano il Comitato 3 Ottobre e raccontano la loro esperienza a Lampedusa<br><strong>18:45 \u2013 19:00<\/strong>&nbsp; Vito Fiorino racconta la propria esperienza<br><strong>19:00 \u2013 19:15<\/strong>&nbsp; Naomi Frerotte, SOS Mediterranee<br><strong>19:15 \u2013 19:30<\/strong>&nbsp; Annalisa Brusati, Director, Country Support, Violence Prevention and Response Unit &#8211; International Rescue Committee<br><strong>19:30 &#8211; 19:45<\/strong>&nbsp; Tareke Brhane, Comitato 3 Ottobre<br><strong>19:45 \u2013 20:00<\/strong>&nbsp; Q&amp;A e conclusione<\/p>\n<p><\/p>\n<p class=\" translation-block\">L'evento \u00e8 gratuito e sar\u00e0 tenuto in lingua italiana. La partecipazione \u00e8 gratuita, ma la registrazione \u00e8 obbligatoria.<\/p>\t\t\t\t\t\t\t\t<\/div>\n\t\t\t\t<\/div>\n\t\t\t\t<div class=\"elementor-element elementor-element-51b4105 elementor-widget elementor-widget-text-editor\" data-id=\"51b4105\" data-element_type=\"widget\" data-widget_type=\"text-editor.default\">\n\t\t\t\t<div class=\"elementor-widget-container\">\n\t\t\t\t\t\t\t\t\t<h3>Registrazione gratuita<\/h3><p>La registrazione \u00e8 chiusa.<\/p>\t\t\t\t\t\t\t\t<\/div>\n\t\t\t\t<\/div>\n\t\t\t\t\t<\/div>\n\t\t<\/div>\n\t\t\t\t<div class=\"elementor-column elementor-col-16 elementor-top-column elementor-element elementor-element-a379c4c\" data-id=\"a379c4c\" data-element_type=\"column\">\n\t\t\t<div class=\"elementor-widget-wrap\">\n\t\t\t\t\t\t\t<\/div>\n\t\t<\/div>\n\t\t\t\t\t<\/div>\n\t\t<\/section>\n\t\t\t\t<\/div>","protected":false},"excerpt":{"rendered":"<p>Semi di Lampedusa &#8211; We are in the same boat&nbsp; A free event held in Italian, mainly aimed at adults and young people interested in the<span class=\"excerpt-hellip\"> [\u2026]<\/span><\/p>\n","protected":false},"author":3,"featured_media":0,"parent":0,"menu_order":0,"comment_status":"closed","ping_status":"closed","template":"","meta":{"footnotes":""},"class_list":["post-7099","page","type-page","status-publish","hentry"],"yoast_head":"<!-- This site is optimized with the Yoast SEO plugin v27.3 - https:\/\/yoast.com\/product\/yoast-seo-wordpress\/ -->\n<title>Semi di Lampedusa 2024 - SIAL.courses<\/title>\n<meta name=\"description\" content=\"A free event held in Italian, mainly aimed at adults and young people interested in the topic of refugees&#039; human rights.\" \/>\n<meta name=\"robots\" content=\"index, follow, max-snippet:-1, max-image-preview:large, max-video-preview:-1\" \/>\n<link rel=\"canonical\" href=\"https:\/\/sial.courses\/it\/seeds-of-lampedusa\/\" \/>\n<meta property=\"og:locale\" content=\"it_IT\" \/>\n<meta property=\"og:type\" content=\"article\" \/>\n<meta property=\"og:title\" content=\"Semi di Lampedusa 2024 - SIAL.courses\" \/>\n<meta property=\"og:description\" content=\"A free event held in Italian, mainly aimed at adults and young people interested in the topic of refugees&#039; human rights.\" \/>\n<meta property=\"og:url\" content=\"https:\/\/sial.courses\/it\/seeds-of-lampedusa\/\" \/>\n<meta property=\"og:site_name\" content=\"SIAL.courses\" \/>\n<meta property=\"article:modified_time\" content=\"2024-03-22T16:07:18+00:00\" \/>\n<meta property=\"og:image\" content=\"https:\/\/sial.courses\/wp-content\/uploads\/2024\/02\/Semi-Lampedusa-cover.png\" \/>\n\t<meta property=\"og:image:width\" content=\"1200\" \/>\n\t<meta property=\"og:image:height\" content=\"630\" \/>\n\t<meta property=\"og:image:type\" content=\"image\/png\" \/>\n<meta name=\"twitter:card\" content=\"summary_large_image\" \/>\n<meta name=\"twitter:label1\" content=\"Tempo di lettura stimato\" \/>\n\t<meta name=\"twitter:data1\" content=\"2 minuti\" \/>\n<script type=\"application\/ld+json\" class=\"yoast-schema-graph\">{\"@context\":\"https:\\\/\\\/schema.org\",\"@graph\":[{\"@type\":\"WebPage\",\"@id\":\"https:\\\/\\\/sial.courses\\\/seeds-of-lampedusa\\\/\",\"url\":\"https:\\\/\\\/sial.courses\\\/seeds-of-lampedusa\\\/\",\"name\":\"Semi di Lampedusa 2024 - SIAL.courses\",\"isPartOf\":{\"@id\":\"https:\\\/\\\/sial.courses\\\/it\\\/#website\"},\"primaryImageOfPage\":{\"@id\":\"https:\\\/\\\/sial.courses\\\/seeds-of-lampedusa\\\/#primaryimage\"},\"image\":{\"@id\":\"https:\\\/\\\/sial.courses\\\/seeds-of-lampedusa\\\/#primaryimage\"},\"thumbnailUrl\":\"https:\\\/\\\/sial.courses\\\/wp-content\\\/uploads\\\/2024\\\/03\\\/Semi-Lampedusa-Facebook-Post-1024x538.png\",\"datePublished\":\"2024-02-09T09:59:42+00:00\",\"dateModified\":\"2024-03-22T16:07:18+00:00\",\"description\":\"A free event held in Italian, mainly aimed at adults and young people interested in the topic of refugees' human rights.\",\"breadcrumb\":{\"@id\":\"https:\\\/\\\/sial.courses\\\/seeds-of-lampedusa\\\/#breadcrumb\"},\"inLanguage\":\"it-IT\",\"potentialAction\":[{\"@type\":\"ReadAction\",\"target\":[\"https:\\\/\\\/sial.courses\\\/seeds-of-lampedusa\\\/\"]}]},{\"@type\":\"ImageObject\",\"inLanguage\":\"it-IT\",\"@id\":\"https:\\\/\\\/sial.courses\\\/seeds-of-lampedusa\\\/#primaryimage\",\"url\":\"https:\\\/\\\/sial.courses\\\/wp-content\\\/uploads\\\/2024\\\/03\\\/Semi-Lampedusa-Facebook-Post-1024x538.png\",\"contentUrl\":\"https:\\\/\\\/sial.courses\\\/wp-content\\\/uploads\\\/2024\\\/03\\\/Semi-Lampedusa-Facebook-Post-1024x538.png\"},{\"@type\":\"BreadcrumbList\",\"@id\":\"https:\\\/\\\/sial.courses\\\/seeds-of-lampedusa\\\/#breadcrumb\",\"itemListElement\":[{\"@type\":\"ListItem\",\"position\":1,\"name\":\"Home\",\"item\":\"https:\\\/\\\/sial.courses\\\/\"},{\"@type\":\"ListItem\",\"position\":2,\"name\":\"Semi di Lampedusa 2024\"}]},{\"@type\":\"WebSite\",\"@id\":\"https:\\\/\\\/sial.courses\\\/it\\\/#website\",\"url\":\"https:\\\/\\\/sial.courses\\\/it\\\/\",\"name\":\"SIAL.courses\",\"description\":\"Italian for all\",\"potentialAction\":[{\"@type\":\"SearchAction\",\"target\":{\"@type\":\"EntryPoint\",\"urlTemplate\":\"https:\\\/\\\/sial.courses\\\/it\\\/?s={search_term_string}\"},\"query-input\":{\"@type\":\"PropertyValueSpecification\",\"valueRequired\":true,\"valueName\":\"search_term_string\"}}],\"inLanguage\":\"it-IT\"}]}<\/script>\n<!-- \/ Yoast SEO plugin. -->","yoast_head_json":{"title":"Semi di Lampedusa 2024 - SIAL.courses","description":"A free event held in Italian, mainly aimed at adults and young people interested in the topic of refugees' human rights.","robots":{"index":"index","follow":"follow","max-snippet":"max-snippet:-1","max-image-preview":"max-image-preview:large","max-video-preview":"max-video-preview:-1"},"canonical":"https:\/\/sial.courses\/it\/seeds-of-lampedusa\/","og_locale":"it_IT","og_type":"article","og_title":"Semi di Lampedusa 2024 - SIAL.courses","og_description":"A free event held in Italian, mainly aimed at adults and young people interested in the topic of refugees' human rights.","og_url":"https:\/\/sial.courses\/it\/seeds-of-lampedusa\/","og_site_name":"SIAL.courses","article_modified_time":"2024-03-22T16:07:18+00:00","og_image":[{"width":1200,"height":630,"url":"https:\/\/sial.courses\/wp-content\/uploads\/2024\/02\/Semi-Lampedusa-cover.png","type":"image\/png"}],"twitter_card":"summary_large_image","twitter_misc":{"Tempo di lettura stimato":"2 minuti"},"schema":{"@context":"https:\/\/schema.org","@graph":[{"@type":"WebPage","@id":"https:\/\/sial.courses\/seeds-of-lampedusa\/","url":"https:\/\/sial.courses\/seeds-of-lampedusa\/","name":"Semi di Lampedusa 2024 - SIAL.courses","isPartOf":{"@id":"https:\/\/sial.courses\/it\/#website"},"primaryImageOfPage":{"@id":"https:\/\/sial.courses\/seeds-of-lampedusa\/#primaryimage"},"image":{"@id":"https:\/\/sial.courses\/seeds-of-lampedusa\/#primaryimage"},"thumbnailUrl":"https:\/\/sial.courses\/wp-content\/uploads\/2024\/03\/Semi-Lampedusa-Facebook-Post-1024x538.png","datePublished":"2024-02-09T09:59:42+00:00","dateModified":"2024-03-22T16:07:18+00:00","description":"A free event held in Italian, mainly aimed at adults and young people interested in the topic of refugees' human rights.","breadcrumb":{"@id":"https:\/\/sial.courses\/seeds-of-lampedusa\/#breadcrumb"},"inLanguage":"it-IT","potentialAction":[{"@type":"ReadAction","target":["https:\/\/sial.courses\/seeds-of-lampedusa\/"]}]},{"@type":"ImageObject","inLanguage":"it-IT","@id":"https:\/\/sial.courses\/seeds-of-lampedusa\/#primaryimage","url":"https:\/\/sial.courses\/wp-content\/uploads\/2024\/03\/Semi-Lampedusa-Facebook-Post-1024x538.png","contentUrl":"https:\/\/sial.courses\/wp-content\/uploads\/2024\/03\/Semi-Lampedusa-Facebook-Post-1024x538.png"},{"@type":"BreadcrumbList","@id":"https:\/\/sial.courses\/seeds-of-lampedusa\/#breadcrumb","itemListElement":[{"@type":"ListItem","position":1,"name":"Home","item":"https:\/\/sial.courses\/"},{"@type":"ListItem","position":2,"name":"Semi di Lampedusa 2024"}]},{"@type":"WebSite","@id":"https:\/\/sial.courses\/it\/#website","url":"https:\/\/sial.courses\/it\/","name":"SIAL.courses","description":"Italian for all","potentialAction":[{"@type":"SearchAction","target":{"@type":"EntryPoint","urlTemplate":"https:\/\/sial.courses\/it\/?s={search_term_string}"},"query-input":{"@type":"PropertyValueSpecification","valueRequired":true,"valueName":"search_term_string"}}],"inLanguage":"it-IT"}]}},"_links":{"self":[{"href":"https:\/\/sial.courses\/it\/wp-json\/wp\/v2\/pages\/7099","targetHints":{"allow":["GET"]}}],"collection":[{"href":"https:\/\/sial.courses\/it\/wp-json\/wp\/v2\/pages"}],"about":[{"href":"https:\/\/sial.courses\/it\/wp-json\/wp\/v2\/types\/page"}],"author":[{"embeddable":true,"href":"https:\/\/sial.courses\/it\/wp-json\/wp\/v2\/users\/3"}],"replies":[{"embeddable":true,"href":"https:\/\/sial.courses\/it\/wp-json\/wp\/v2\/comments?post=7099"}],"version-history":[{"count":42,"href":"https:\/\/sial.courses\/it\/wp-json\/wp\/v2\/pages\/7099\/revisions"}],"predecessor-version":[{"id":7448,"href":"https:\/\/sial.courses\/it\/wp-json\/wp\/v2\/pages\/7099\/revisions\/7448"}],"wp:attachment":[{"href":"https:\/\/sial.courses\/it\/wp-json\/wp\/v2\/media?parent=7099"}],"curies":[{"name":"wp","href":"https:\/\/api.w.org\/{rel}","templated":true}]}}