{"id":3340,"date":"2021-06-23T14:38:56","date_gmt":"2021-06-23T14:38:56","guid":{"rendered":"https:\/\/sial.courses\/?page_id=3340"},"modified":"2026-04-13T12:39:53","modified_gmt":"2026-04-13T12:39:53","slug":"registration","status":"publish","type":"page","link":"https:\/\/sial.courses\/it\/i-nostri-corsi\/corsi-italiano-per-adulti\/registrazione-3\/","title":{"rendered":"Iscriviti al corso di italiano | Per adulti"},"content":{"rendered":"<div data-elementor-type=\"wp-page\" data-elementor-id=\"3340\" class=\"elementor elementor-3340\">\n\t\t\t\t\t\t<section class=\"elementor-section elementor-top-section elementor-element elementor-element-4ab84bf elementor-section-boxed elementor-section-height-default elementor-section-height-default\" data-id=\"4ab84bf\" data-element_type=\"section\">\n\t\t\t\t\t\t<div class=\"elementor-container elementor-column-gap-default\">\n\t\t\t\t\t<div class=\"elementor-column elementor-col-100 elementor-top-column elementor-element elementor-element-0ce93df\" data-id=\"0ce93df\" data-element_type=\"column\">\n\t\t\t<div class=\"elementor-widget-wrap elementor-element-populated\">\n\t\t\t\t\t\t<div class=\"elementor-element elementor-element-eacf175 elementor-widget__width-initial elementor-widget elementor-widget-text-editor\" data-id=\"eacf175\" data-element_type=\"widget\" data-widget_type=\"text-editor.default\">\n\t\t\t\t<div class=\"elementor-widget-container\">\n\t\t\t\t\t\t\t\t\t<h2><strong>Pronto per iscriverti?<\/strong><\/h2>\n<h3>In collaborazione con l'Istituto Italiano di Cultura a Londra offriamo una ricca selezione di corsi di italiano per adulti, sia in presenza che online.<\/h3>\n<p class=\" translation-block\">Scopri di pi\u00f9 sui <a href=\"https:\/\/sial.courses\/it\/i-nostri-corsi\/corsi-italiano-per-adulti\/\" target=\"_self\">nostri corsi<\/a>.<\/p>\n<h3>Iscrizioni per il trimestre aprile-giugno 2026<\/h3>\n<p><strong>Le iscrizioni sono ora aperte sia per gli studenti di ritorno attualmente iscritti a uno dei corsi del trimestre di gennaio, sia per i nuovi studenti che desiderano iniziare il loro percorso di apprendimento dell'italiano con noi.<\/strong><\/p>\n<p>Nota: Se non viene raggiunto il numero minimo di iscritti per il corso da te prescelto, ti proporremo un\u2019alternativa in un altro giorno e orario. Se l\u2019alternativa non sar\u00e0 adatta alle tue esigenze, ti rimborseremo l\u2019intera quota versata.<\/p>\n<h4>Come iscriversi<\/h4>\n<p><strong>Durante la compilazione del modulo di registrazione verranno proposti i corsi attivati, con date e orari.<\/strong><br>In base al livello e al formato prescelto (online o di persona) il modulo visualizzer\u00e0 le opzioni disponibili. Ti segnaliamo che se un corso ha gi\u00e0 raggiunto la capienza massima non verr\u00e0 visualizzato.<\/p><p>REGISTRATION IS NOW CLOSED.<\/p>\t\t\t\t\t\t\t\t<\/div>\n\t\t\t\t<\/div>\n\t\t\t\t\t<\/div>\n\t\t<\/div>\n\t\t\t\t\t<\/div>\n\t\t<\/section>\n\t\t\t\t<\/div>","protected":false},"excerpt":{"rendered":"<p>Ready to enrol? We offer a wide range of Italian courses for adult learners, both in person and online, in collaboration with ICI London. Find out<span class=\"excerpt-hellip\"> [\u2026]<\/span><\/p>\n","protected":false},"author":2,"featured_media":0,"parent":3321,"menu_order":0,"comment_status":"closed","ping_status":"closed","template":"","meta":{"footnotes":""},"class_list":["post-3340","page","type-page","status-publish","hentry"],"yoast_head":"<!-- This site is optimized with the Yoast SEO plugin v27.3 - https:\/\/yoast.com\/product\/yoast-seo-wordpress\/ -->\n<title>Book your Italian course | Adults - SIAL.courses<\/title>\n<meta name=\"description\" content=\"Assess your level and register your interest to attend one of our extensive Italian courses for adult learners.\" \/>\n<meta name=\"robots\" content=\"index, follow, max-snippet:-1, max-image-preview:large, max-video-preview:-1\" \/>\n<link rel=\"canonical\" href=\"https:\/\/sial.courses\/it\/our-courses\/italian-for-adults\/registration\/\" \/>\n<meta property=\"og:locale\" content=\"it_IT\" \/>\n<meta property=\"og:type\" content=\"article\" \/>\n<meta property=\"og:title\" content=\"Book your Italian course | Adults - SIAL.courses\" \/>\n<meta property=\"og:description\" content=\"Assess your level and register your interest to attend one of our extensive Italian courses for adult learners.\" \/>\n<meta property=\"og:url\" content=\"https:\/\/sial.courses\/it\/our-courses\/italian-for-adults\/registration\/\" \/>\n<meta property=\"og:site_name\" content=\"SIAL.courses\" \/>\n<meta property=\"article:modified_time\" content=\"2026-04-13T12:39:53+00:00\" \/>\n<meta property=\"og:image\" content=\"https:\/\/sial.courses\/wp-content\/uploads\/2020\/06\/for-adult.png\" \/>\n\t<meta property=\"og:image:width\" content=\"380\" \/>\n\t<meta property=\"og:image:height\" content=\"272\" \/>\n\t<meta property=\"og:image:type\" content=\"image\/png\" \/>\n<meta name=\"twitter:card\" content=\"summary_large_image\" \/>\n<meta name=\"twitter:label1\" content=\"Tempo di lettura stimato\" \/>\n\t<meta name=\"twitter:data1\" content=\"1 minuto\" \/>\n<script type=\"application\/ld+json\" class=\"yoast-schema-graph\">{\"@context\":\"https:\\\/\\\/schema.org\",\"@graph\":[{\"@type\":\"WebPage\",\"@id\":\"https:\\\/\\\/sial.courses\\\/our-courses\\\/italian-for-adults\\\/registration\\\/\",\"url\":\"https:\\\/\\\/sial.courses\\\/our-courses\\\/italian-for-adults\\\/registration\\\/\",\"name\":\"Book your Italian course | Adults - SIAL.courses\",\"isPartOf\":{\"@id\":\"https:\\\/\\\/sial.courses\\\/it\\\/#website\"},\"datePublished\":\"2021-06-23T14:38:56+00:00\",\"dateModified\":\"2026-04-13T12:39:53+00:00\",\"description\":\"Assess your level and register your interest to attend one of our extensive Italian courses for adult learners.\",\"breadcrumb\":{\"@id\":\"https:\\\/\\\/sial.courses\\\/our-courses\\\/italian-for-adults\\\/registration\\\/#breadcrumb\"},\"inLanguage\":\"it-IT\",\"potentialAction\":[{\"@type\":\"ReadAction\",\"target\":[\"https:\\\/\\\/sial.courses\\\/our-courses\\\/italian-for-adults\\\/registration\\\/\"]}]},{\"@type\":\"BreadcrumbList\",\"@id\":\"https:\\\/\\\/sial.courses\\\/our-courses\\\/italian-for-adults\\\/registration\\\/#breadcrumb\",\"itemListElement\":[{\"@type\":\"ListItem\",\"position\":1,\"name\":\"Home\",\"item\":\"https:\\\/\\\/sial.courses\\\/\"},{\"@type\":\"ListItem\",\"position\":2,\"name\":\"Our Courses\",\"item\":\"https:\\\/\\\/sial.courses\\\/our-courses\\\/\"},{\"@type\":\"ListItem\",\"position\":3,\"name\":\"Italian Courses for Adults\",\"item\":\"https:\\\/\\\/sial.courses\\\/our-courses\\\/italian-for-adults\\\/\"},{\"@type\":\"ListItem\",\"position\":4,\"name\":\"Book your Italian course | Adults\"}]},{\"@type\":\"WebSite\",\"@id\":\"https:\\\/\\\/sial.courses\\\/it\\\/#website\",\"url\":\"https:\\\/\\\/sial.courses\\\/it\\\/\",\"name\":\"SIAL.courses\",\"description\":\"Italian for all\",\"potentialAction\":[{\"@type\":\"SearchAction\",\"target\":{\"@type\":\"EntryPoint\",\"urlTemplate\":\"https:\\\/\\\/sial.courses\\\/it\\\/?s={search_term_string}\"},\"query-input\":{\"@type\":\"PropertyValueSpecification\",\"valueRequired\":true,\"valueName\":\"search_term_string\"}}],\"inLanguage\":\"it-IT\"}]}<\/script>\n<!-- \/ Yoast SEO plugin. -->","yoast_head_json":{"title":"Corsi di italiano per adulti - SIAL.courses","description":"Assess your level and register your interest to attend one of our extensive Italian courses for adult learners.","robots":{"index":"index","follow":"follow","max-snippet":"max-snippet:-1","max-image-preview":"max-image-preview:large","max-video-preview":"max-video-preview:-1"},"canonical":"https:\/\/sial.courses\/it\/our-courses\/italian-for-adults\/registration\/","og_locale":"it_IT","og_type":"article","og_title":"Book your Italian course | Adults - SIAL.courses","og_description":"Assess your level and register your interest to attend one of our extensive Italian courses for adult learners.","og_url":"https:\/\/sial.courses\/it\/our-courses\/italian-for-adults\/registration\/","og_site_name":"SIAL.courses","article_modified_time":"2026-04-13T12:39:53+00:00","og_image":[{"width":380,"height":272,"url":"https:\/\/sial.courses\/wp-content\/uploads\/2020\/06\/for-adult.png","type":"image\/png"}],"twitter_card":"summary_large_image","twitter_misc":{"Tempo di lettura stimato":"1 minuto"},"schema":{"@context":"https:\/\/schema.org","@graph":[{"@type":"WebPage","@id":"https:\/\/sial.courses\/our-courses\/italian-for-adults\/registration\/","url":"https:\/\/sial.courses\/our-courses\/italian-for-adults\/registration\/","name":"Corsi di italiano per adulti - SIAL.courses","isPartOf":{"@id":"https:\/\/sial.courses\/it\/#website"},"datePublished":"2021-06-23T14:38:56+00:00","dateModified":"2026-04-13T12:39:53+00:00","description":"Assess your level and register your interest to attend one of our extensive Italian courses for adult learners.","breadcrumb":{"@id":"https:\/\/sial.courses\/our-courses\/italian-for-adults\/registration\/#breadcrumb"},"inLanguage":"it-IT","potentialAction":[{"@type":"ReadAction","target":["https:\/\/sial.courses\/our-courses\/italian-for-adults\/registration\/"]}]},{"@type":"BreadcrumbList","@id":"https:\/\/sial.courses\/our-courses\/italian-for-adults\/registration\/#breadcrumb","itemListElement":[{"@type":"ListItem","position":1,"name":"Home","item":"https:\/\/sial.courses\/"},{"@type":"ListItem","position":2,"name":"Our Courses","item":"https:\/\/sial.courses\/our-courses\/"},{"@type":"ListItem","position":3,"name":"Italian Courses for Adults","item":"https:\/\/sial.courses\/our-courses\/italian-for-adults\/"},{"@type":"ListItem","position":4,"name":"Book your Italian course | Adults"}]},{"@type":"WebSite","@id":"https:\/\/sial.courses\/it\/#website","url":"https:\/\/sial.courses\/it\/","name":"SIAL.courses","description":"Italian for all","potentialAction":[{"@type":"SearchAction","target":{"@type":"EntryPoint","urlTemplate":"https:\/\/sial.courses\/it\/?s={search_term_string}"},"query-input":{"@type":"PropertyValueSpecification","valueRequired":true,"valueName":"search_term_string"}}],"inLanguage":"it-IT"}]}},"_links":{"self":[{"href":"https:\/\/sial.courses\/it\/wp-json\/wp\/v2\/pages\/3340","targetHints":{"allow":["GET"]}}],"collection":[{"href":"https:\/\/sial.courses\/it\/wp-json\/wp\/v2\/pages"}],"about":[{"href":"https:\/\/sial.courses\/it\/wp-json\/wp\/v2\/types\/page"}],"author":[{"embeddable":true,"href":"https:\/\/sial.courses\/it\/wp-json\/wp\/v2\/users\/2"}],"replies":[{"embeddable":true,"href":"https:\/\/sial.courses\/it\/wp-json\/wp\/v2\/comments?post=3340"}],"version-history":[{"count":124,"href":"https:\/\/sial.courses\/it\/wp-json\/wp\/v2\/pages\/3340\/revisions"}],"predecessor-version":[{"id":10590,"href":"https:\/\/sial.courses\/it\/wp-json\/wp\/v2\/pages\/3340\/revisions\/10590"}],"up":[{"embeddable":true,"href":"https:\/\/sial.courses\/it\/wp-json\/wp\/v2\/pages\/3321"}],"wp:attachment":[{"href":"https:\/\/sial.courses\/it\/wp-json\/wp\/v2\/media?parent=3340"}],"curies":[{"name":"wp","href":"https:\/\/api.w.org\/{rel}","templated":true}]}}