{"id":2444,"date":"2021-01-26T12:52:31","date_gmt":"2021-01-26T12:52:31","guid":{"rendered":"https:\/\/sial.courses\/?page_id=2444"},"modified":"2026-01-22T16:33:36","modified_gmt":"2026-01-22T16:33:36","slug":"italian-art-culture-dante","status":"publish","type":"page","link":"https:\/\/sial.courses\/it\/i-nostri-corsi\/intensivi\/club-italiano-arte-cultura\/arte-cultura-italiana-dante\/","title":{"rendered":"Tra Arte &amp; Cultura - Dante"},"content":{"rendered":"<div data-elementor-type=\"wp-page\" data-elementor-id=\"2444\" class=\"elementor elementor-2444\">\n\t\t\t\t\t\t<section class=\"elementor-section elementor-top-section elementor-element elementor-element-63e3cf0 elementor-section-boxed elementor-section-height-default elementor-section-height-default\" data-id=\"63e3cf0\" data-element_type=\"section\">\n\t\t\t\t\t\t<div class=\"elementor-container elementor-column-gap-default\">\n\t\t\t\t\t<div class=\"elementor-column elementor-col-100 elementor-top-column elementor-element elementor-element-691a5ce\" data-id=\"691a5ce\" data-element_type=\"column\">\n\t\t\t<div class=\"elementor-widget-wrap elementor-element-populated\">\n\t\t\t\t\t\t<div class=\"elementor-element elementor-element-c9cf5b8 elementor-widget elementor-widget-text-editor\" data-id=\"c9cf5b8\" data-element_type=\"widget\" data-widget_type=\"text-editor.default\">\n\t\t\t\t<div class=\"elementor-widget-container\">\n\t\t\t\t\t\t\t\t\t<p><strong>Come pu\u00f2 un poeta vissuto nell'Italia medievale e che ha scritto la sua opera centinaia di anni fa essere ancora attuale oggi?&nbsp;<\/strong><br><span style=\"letter-spacing: 0px\">Eppure anche chi non ha mai letto neanche una riga della Divina Commedia ne \u00e8 stato in qualche modo influenzato.<\/span><\/p>\n<p>Dante si pone interrogativi comuni a chiunque - indipendentemente dall'et\u00e0 o dal luogo in cui vive - si sia fermato a riflettere sulla natura umana: il Sommo Poeta lo fa con genuina curiosit\u00e0 e un'opera che incoraggia ad indagare i comportamenti umani non cesser\u00e0 mai di essere attuale.<\/p>\n<p class=\" translation-block\">Per <b>avvicinare le nuove generazioni a Dante e alla Divina Commedia<\/b> abbiamo inserito nella nostra offerta un <b>nuovo corso intensivo di lingua e cultura italiana<\/b>, che si svolger\u00e0 durante gli half-term e le vacanze estive.<\/p>\n<p class=\" translation-block\">Dopo una breve introduzione sulla vita di Dante Alighieri e lo stato di evoluzione della lingua italiana nel 1300, gli studenti conosceranno una selezione dei pi\u00f9 importanti canti dell\u2019 Inferno che affrontano tematiche ancora rilevanti nella vita odierna (la perdita di s\u00e9 nel trambusto e nel caos dell\u2019esistenza, l\u2019importanza dell\u2019amicizia e di una guida certa a cui affidarsi, la ragione e la conoscenza quali armi per salvarsi dalla difficolt\u00e0).<br>\nIl percorso continuer\u00e0 con un assaggio delle cantiche pi\u00f9 rilevanti di Purgatorio e Paradiso .<\/p>\t\t\t\t\t\t\t\t<\/div>\n\t\t\t\t<\/div>\n\t\t\t\t\t<\/div>\n\t\t<\/div>\n\t\t\t\t\t<\/div>\n\t\t<\/section>\n\t\t\t\t<section class=\"elementor-section elementor-top-section elementor-element elementor-element-3583852 elementor-section-boxed elementor-section-height-default elementor-section-height-default\" data-id=\"3583852\" data-element_type=\"section\">\n\t\t\t\t\t\t<div class=\"elementor-container elementor-column-gap-default\">\n\t\t\t\t\t<div class=\"elementor-column elementor-col-100 elementor-top-column elementor-element elementor-element-9b2f2ec\" data-id=\"9b2f2ec\" data-element_type=\"column\">\n\t\t\t<div class=\"elementor-widget-wrap elementor-element-populated\">\n\t\t\t\t\t\t<div class=\"elementor-element elementor-element-143f2cd elementor-widget elementor-widget-html\" data-id=\"143f2cd\" data-element_type=\"widget\" data-widget_type=\"html.default\">\n\t\t\t\t<div class=\"elementor-widget-container\">\n\t\t\t\t\t<iframe src=\"https:\/\/player.vimeo.com\/video\/504790090\" width=\"640\" height=\"360\" frameborder=\"0\" allow=\"autoplay; fullscreen; picture-in-picture\" allowfullscreen><\/iframe>\t\t\t\t<\/div>\n\t\t\t\t<\/div>\n\t\t\t\t\t<\/div>\n\t\t<\/div>\n\t\t\t\t\t<\/div>\n\t\t<\/section>\n\t\t\t\t<section class=\"elementor-section elementor-top-section elementor-element elementor-element-b92be02 elementor-section-boxed elementor-section-height-default elementor-section-height-default\" data-id=\"b92be02\" data-element_type=\"section\">\n\t\t\t\t\t\t<div class=\"elementor-container elementor-column-gap-default\">\n\t\t\t\t\t<div class=\"elementor-column elementor-col-100 elementor-top-column elementor-element elementor-element-02f6024\" data-id=\"02f6024\" data-element_type=\"column\">\n\t\t\t<div class=\"elementor-widget-wrap elementor-element-populated\">\n\t\t\t\t\t\t<div class=\"elementor-element elementor-element-ad255ca elementor-widget elementor-widget-spacer\" data-id=\"ad255ca\" data-element_type=\"widget\" data-widget_type=\"spacer.default\">\n\t\t\t\t<div class=\"elementor-widget-container\">\n\t\t\t\t\t\t\t<div class=\"elementor-spacer\">\n\t\t\t<div class=\"elementor-spacer-inner\"><\/div>\n\t\t<\/div>\n\t\t\t\t\t\t<\/div>\n\t\t\t\t<\/div>\n\t\t\t\t<div class=\"elementor-element elementor-element-d5531ed elementor-widget elementor-widget-text-editor\" data-id=\"d5531ed\" data-element_type=\"widget\" data-widget_type=\"text-editor.default\">\n\t\t\t\t<div class=\"elementor-widget-container\">\n\t\t\t\t\t\t\t\t\t<h4>Il nostro corso<\/h4><p><strong>Dante: l\u2019attualit\u00e0 de La Divina Commedia 750 anni dopo<\/strong><br \/>Corso intensivo: 1 settimana, dal luned\u00ec al venerd\u00ec, 1,5 ore al giorno<\/p><h4>Date<\/h4><p>This intensive course will run over half-term breaks from Monday to Friday, 1.5 hours per day, for a total of 7.5 hours.<br \/>Il corso sar\u00e0 erogato online in modalit\u00e0 one-to-one.<\/p><p>Ad ogni allievo iscritto sar\u00e0 assegnato uno slot orario alla conferma della registrazione. \u00a0<\/p><h3>Quota di iscrizione<\/h3><p><strong>\u00a3400 a studente per l'intera settimana<\/strong> (7,5 ore, 1,5 ore al giorno, dal luned\u00ec al venerd\u00ec)<\/p><p>Contattaci per maggiori informazioni: scrivici all'indirizzo <a href=\"mailto:enquiries@sial.courses\">enquiries@sial.courses<\/a><\/p>\t\t\t\t\t\t\t\t<\/div>\n\t\t\t\t<\/div>\n\t\t\t\t<div class=\"elementor-element elementor-element-62bda25 elementor-widget elementor-widget-text-editor\" data-id=\"62bda25\" data-element_type=\"widget\" data-widget_type=\"text-editor.default\">\n\t\t\t\t<div class=\"elementor-widget-container\">\n\t\t\t\t\t\t\t\t\t<div class=\"kc-elm kc-css-124696 kc_text_block\"><p>\u00a0<\/p><\/div><p><a href=\"https:\/\/sial.courses\/our-courses\/intensive\/\">Torna all'offerta completa dei nostri corsi intensivi di lingua e cultura italiana &gt;<\/a><\/p>\t\t\t\t\t\t\t\t<\/div>\n\t\t\t\t<\/div>\n\t\t\t\t\t<\/div>\n\t\t<\/div>\n\t\t\t\t\t<\/div>\n\t\t<\/section>\n\t\t\t\t<\/div>","protected":false},"excerpt":{"rendered":"<p>How can a poet who wrote hundreds of years ago in medieval Italy possibly be relevant to today\u2019s world?&nbsp;You may have never read a single line<span class=\"excerpt-hellip\"> [\u2026]<\/span><\/p>\n","protected":false},"author":3,"featured_media":0,"parent":181,"menu_order":0,"comment_status":"closed","ping_status":"closed","template":"","meta":{"footnotes":""},"class_list":["post-2444","page","type-page","status-publish","hentry"],"yoast_head":"<!-- This site is optimized with the Yoast SEO plugin v27.3 - https:\/\/yoast.com\/product\/yoast-seo-wordpress\/ -->\n<title>Italian Art &amp; Culture for 12-18yo: Dante e Divina Commedia | SIAL.courses<\/title>\n<meta name=\"description\" content=\"To introduce Dante and La Divina Commedia to the younger generation we will be offering a brand new Intensive Italian course over Half-Term.\" \/>\n<meta name=\"robots\" content=\"index, follow, max-snippet:-1, max-image-preview:large, max-video-preview:-1\" \/>\n<link rel=\"canonical\" href=\"https:\/\/sial.courses\/it\/our-courses\/intensive\/italian-art-culture-club\/italian-art-culture-dante\/\" \/>\n<meta property=\"og:locale\" content=\"it_IT\" \/>\n<meta property=\"og:type\" content=\"article\" \/>\n<meta property=\"og:title\" content=\"Italian Art &amp; Culture for 12-18yo: Dante e Divina Commedia | SIAL.courses\" \/>\n<meta property=\"og:description\" content=\"To introduce Dante and La Divina Commedia to the younger generation we will be offering a brand new Intensive Italian course over Half-Term.\" \/>\n<meta property=\"og:url\" content=\"https:\/\/sial.courses\/it\/our-courses\/intensive\/italian-art-culture-club\/italian-art-culture-dante\/\" \/>\n<meta property=\"og:site_name\" content=\"SIAL.courses\" \/>\n<meta property=\"article:modified_time\" content=\"2026-01-22T16:33:36+00:00\" \/>\n<meta property=\"og:image\" content=\"https:\/\/sial.courses\/wp-content\/uploads\/2021\/01\/100-secondi-dante-DMarx-1.png\" \/>\n\t<meta property=\"og:image:width\" content=\"1920\" \/>\n\t<meta property=\"og:image:height\" content=\"1080\" \/>\n\t<meta property=\"og:image:type\" content=\"image\/png\" \/>\n<meta name=\"twitter:card\" content=\"summary_large_image\" \/>\n<meta name=\"twitter:label1\" content=\"Tempo di lettura stimato\" \/>\n\t<meta name=\"twitter:data1\" content=\"2 minuti\" \/>\n<script type=\"application\/ld+json\" class=\"yoast-schema-graph\">{\"@context\":\"https:\\\/\\\/schema.org\",\"@graph\":[{\"@type\":\"WebPage\",\"@id\":\"https:\\\/\\\/sial.courses\\\/our-courses\\\/intensive\\\/italian-art-culture-club\\\/italian-art-culture-dante\\\/\",\"url\":\"https:\\\/\\\/sial.courses\\\/our-courses\\\/intensive\\\/italian-art-culture-club\\\/italian-art-culture-dante\\\/\",\"name\":\"Italian Art & Culture for 12-18yo: Dante e Divina Commedia | SIAL.courses\",\"isPartOf\":{\"@id\":\"https:\\\/\\\/sial.courses\\\/it\\\/#website\"},\"datePublished\":\"2021-01-26T12:52:31+00:00\",\"dateModified\":\"2026-01-22T16:33:36+00:00\",\"description\":\"To introduce Dante and La Divina Commedia to the younger generation we will be offering a brand new Intensive Italian course over Half-Term.\",\"breadcrumb\":{\"@id\":\"https:\\\/\\\/sial.courses\\\/our-courses\\\/intensive\\\/italian-art-culture-club\\\/italian-art-culture-dante\\\/#breadcrumb\"},\"inLanguage\":\"it-IT\",\"potentialAction\":[{\"@type\":\"ReadAction\",\"target\":[\"https:\\\/\\\/sial.courses\\\/our-courses\\\/intensive\\\/italian-art-culture-club\\\/italian-art-culture-dante\\\/\"]}]},{\"@type\":\"BreadcrumbList\",\"@id\":\"https:\\\/\\\/sial.courses\\\/our-courses\\\/intensive\\\/italian-art-culture-club\\\/italian-art-culture-dante\\\/#breadcrumb\",\"itemListElement\":[{\"@type\":\"ListItem\",\"position\":1,\"name\":\"Home\",\"item\":\"https:\\\/\\\/sial.courses\\\/\"},{\"@type\":\"ListItem\",\"position\":2,\"name\":\"Our Courses\",\"item\":\"https:\\\/\\\/sial.courses\\\/our-courses\\\/\"},{\"@type\":\"ListItem\",\"position\":3,\"name\":\"Intensive\",\"item\":\"https:\\\/\\\/sial.courses\\\/our-courses\\\/intensive\\\/\"},{\"@type\":\"ListItem\",\"position\":4,\"name\":\"Italian Art &#038; Culture Club (12-18yo)\",\"item\":\"https:\\\/\\\/sial.courses\\\/our-courses\\\/intensive\\\/italian-art-culture-club\\\/\"},{\"@type\":\"ListItem\",\"position\":5,\"name\":\"Italian Art &#038; Culture &#8211; Dante\"}]},{\"@type\":\"WebSite\",\"@id\":\"https:\\\/\\\/sial.courses\\\/it\\\/#website\",\"url\":\"https:\\\/\\\/sial.courses\\\/it\\\/\",\"name\":\"SIAL.courses\",\"description\":\"Italian for all\",\"potentialAction\":[{\"@type\":\"SearchAction\",\"target\":{\"@type\":\"EntryPoint\",\"urlTemplate\":\"https:\\\/\\\/sial.courses\\\/it\\\/?s={search_term_string}\"},\"query-input\":{\"@type\":\"PropertyValueSpecification\",\"valueRequired\":true,\"valueName\":\"search_term_string\"}}],\"inLanguage\":\"it-IT\"}]}<\/script>\n<!-- \/ Yoast SEO plugin. -->","yoast_head_json":{"title":"Italian Art & Culture for 12-18yo: Dante e Divina Commedia | SIAL.courses","description":"To introduce Dante and La Divina Commedia to the younger generation we will be offering a brand new Intensive Italian course over Half-Term.","robots":{"index":"index","follow":"follow","max-snippet":"max-snippet:-1","max-image-preview":"max-image-preview:large","max-video-preview":"max-video-preview:-1"},"canonical":"https:\/\/sial.courses\/it\/our-courses\/intensive\/italian-art-culture-club\/italian-art-culture-dante\/","og_locale":"it_IT","og_type":"article","og_title":"Italian Art & Culture for 12-18yo: Dante e Divina Commedia | SIAL.courses","og_description":"To introduce Dante and La Divina Commedia to the younger generation we will be offering a brand new Intensive Italian course over Half-Term.","og_url":"https:\/\/sial.courses\/it\/our-courses\/intensive\/italian-art-culture-club\/italian-art-culture-dante\/","og_site_name":"SIAL.courses","article_modified_time":"2026-01-22T16:33:36+00:00","og_image":[{"width":1920,"height":1080,"url":"https:\/\/sial.courses\/wp-content\/uploads\/2021\/01\/100-secondi-dante-DMarx-1.png","type":"image\/png"}],"twitter_card":"summary_large_image","twitter_misc":{"Tempo di lettura stimato":"2 minuti"},"schema":{"@context":"https:\/\/schema.org","@graph":[{"@type":"WebPage","@id":"https:\/\/sial.courses\/our-courses\/intensive\/italian-art-culture-club\/italian-art-culture-dante\/","url":"https:\/\/sial.courses\/our-courses\/intensive\/italian-art-culture-club\/italian-art-culture-dante\/","name":"Italian Art & Culture for 12-18yo: Dante e Divina Commedia | SIAL.courses","isPartOf":{"@id":"https:\/\/sial.courses\/it\/#website"},"datePublished":"2021-01-26T12:52:31+00:00","dateModified":"2026-01-22T16:33:36+00:00","description":"To introduce Dante and La Divina Commedia to the younger generation we will be offering a brand new Intensive Italian course over Half-Term.","breadcrumb":{"@id":"https:\/\/sial.courses\/our-courses\/intensive\/italian-art-culture-club\/italian-art-culture-dante\/#breadcrumb"},"inLanguage":"it-IT","potentialAction":[{"@type":"ReadAction","target":["https:\/\/sial.courses\/our-courses\/intensive\/italian-art-culture-club\/italian-art-culture-dante\/"]}]},{"@type":"BreadcrumbList","@id":"https:\/\/sial.courses\/our-courses\/intensive\/italian-art-culture-club\/italian-art-culture-dante\/#breadcrumb","itemListElement":[{"@type":"ListItem","position":1,"name":"Home","item":"https:\/\/sial.courses\/"},{"@type":"ListItem","position":2,"name":"Our Courses","item":"https:\/\/sial.courses\/our-courses\/"},{"@type":"ListItem","position":3,"name":"Intensive","item":"https:\/\/sial.courses\/our-courses\/intensive\/"},{"@type":"ListItem","position":4,"name":"Italian Art &#038; Culture Club (12-18yo)","item":"https:\/\/sial.courses\/our-courses\/intensive\/italian-art-culture-club\/"},{"@type":"ListItem","position":5,"name":"Italian Art &#038; Culture &#8211; Dante"}]},{"@type":"WebSite","@id":"https:\/\/sial.courses\/it\/#website","url":"https:\/\/sial.courses\/it\/","name":"SIAL.courses","description":"Italian for all","potentialAction":[{"@type":"SearchAction","target":{"@type":"EntryPoint","urlTemplate":"https:\/\/sial.courses\/it\/?s={search_term_string}"},"query-input":{"@type":"PropertyValueSpecification","valueRequired":true,"valueName":"search_term_string"}}],"inLanguage":"it-IT"}]}},"_links":{"self":[{"href":"https:\/\/sial.courses\/it\/wp-json\/wp\/v2\/pages\/2444","targetHints":{"allow":["GET"]}}],"collection":[{"href":"https:\/\/sial.courses\/it\/wp-json\/wp\/v2\/pages"}],"about":[{"href":"https:\/\/sial.courses\/it\/wp-json\/wp\/v2\/types\/page"}],"author":[{"embeddable":true,"href":"https:\/\/sial.courses\/it\/wp-json\/wp\/v2\/users\/3"}],"replies":[{"embeddable":true,"href":"https:\/\/sial.courses\/it\/wp-json\/wp\/v2\/comments?post=2444"}],"version-history":[{"count":50,"href":"https:\/\/sial.courses\/it\/wp-json\/wp\/v2\/pages\/2444\/revisions"}],"predecessor-version":[{"id":10158,"href":"https:\/\/sial.courses\/it\/wp-json\/wp\/v2\/pages\/2444\/revisions\/10158"}],"up":[{"embeddable":true,"href":"https:\/\/sial.courses\/it\/wp-json\/wp\/v2\/pages\/181"}],"wp:attachment":[{"href":"https:\/\/sial.courses\/it\/wp-json\/wp\/v2\/media?parent=2444"}],"curies":[{"name":"wp","href":"https:\/\/api.w.org\/{rel}","templated":true}]}}