{"id":179,"date":"2020-06-16T11:42:51","date_gmt":"2020-06-16T11:42:51","guid":{"rendered":"https:\/\/sial.courses\/?page_id=179"},"modified":"2026-01-22T16:30:22","modified_gmt":"2026-01-22T16:30:22","slug":"italian-club-5-11yo","status":"publish","type":"page","link":"https:\/\/sial.courses\/it\/i-nostri-corsi\/intensivi\/club-italiano-4-11-anni\/","title":{"rendered":"Club di Italiano (5-11 anni)"},"content":{"rendered":"<div data-elementor-type=\"wp-page\" data-elementor-id=\"179\" class=\"elementor elementor-179\">\n\t\t\t\t\t\t<section class=\"elementor-section elementor-top-section elementor-element elementor-element-d4ceaeb elementor-section-boxed elementor-section-height-default elementor-section-height-default\" data-id=\"d4ceaeb\" data-element_type=\"section\">\n\t\t\t\t\t\t<div class=\"elementor-container elementor-column-gap-default\">\n\t\t\t\t\t<div class=\"elementor-column elementor-col-100 elementor-top-column elementor-element elementor-element-62ca22c\" data-id=\"62ca22c\" data-element_type=\"column\">\n\t\t\t<div class=\"elementor-widget-wrap elementor-element-populated\">\n\t\t\t\t\t\t<div class=\"elementor-element elementor-element-4c19039 elementor-widget elementor-widget-text-editor\" data-id=\"4c19039\" data-element_type=\"widget\" data-widget_type=\"text-editor.default\">\n\t\t\t\t<div class=\"elementor-widget-container\">\n\t\t\t\t\t\t\t\t\t<p>Il nostro Half-Term Italian Club \u00e8 un\u2019occasione unica per lasciare immergere i vostri bambini nella lingua e cultura italiana senza spostarsi da Londra.<br \/><span style=\"letter-spacing: 0px\">Il Club \u00e8 aperto ai bambini dai 4 agli 11 anni e si svolge durante le settimane di half-term e le vacanze scolastiche.\u00a0<br \/>Si prega di notare che questo \u00e8 un corso individuale offerto online.<\/span><\/p>\t\t\t\t\t\t\t\t<\/div>\n\t\t\t\t<\/div>\n\t\t\t\t\t<\/div>\n\t\t<\/div>\n\t\t\t\t\t<\/div>\n\t\t<\/section>\n\t\t\t\t<section class=\"elementor-section elementor-top-section elementor-element elementor-element-96bf49c elementor-section-boxed elementor-section-height-default elementor-section-height-default\" data-id=\"96bf49c\" data-element_type=\"section\">\n\t\t\t\t\t\t<div class=\"elementor-container elementor-column-gap-default\">\n\t\t\t\t\t<div class=\"elementor-column elementor-col-100 elementor-top-column elementor-element elementor-element-eb994ff\" data-id=\"eb994ff\" data-element_type=\"column\">\n\t\t\t<div class=\"elementor-widget-wrap elementor-element-populated\">\n\t\t\t\t\t\t<div class=\"elementor-element elementor-element-be06039 elementor-widget elementor-widget-text-editor\" data-id=\"be06039\" data-element_type=\"widget\" data-widget_type=\"text-editor.default\">\n\t\t\t\t<div class=\"elementor-widget-container\">\n\t\t\t\t\t\t\t\t\t<p><span style=\"letter-spacing: 0px\">Attraverso&nbsp;<\/span><strong style=\"letter-spacing: 0px\">attivit\u00e0 divertenti e creative<\/strong><span style=\"letter-spacing: 0px\">&nbsp;i bambini avranno l'opportunit\u00e0 di:<\/span><\/p>\n<ul>\n<li>arricchire ed estendere&nbsp;<strong>il proprio vocabolario<\/strong><\/li>\n<li>migliorare&nbsp;<strong>spelling e grammatica<\/strong>&nbsp;divertendosi<\/li>\n<li>perfezionare&nbsp;<strong>le capacit\u00e0 di lettura e scrittura<\/strong><\/li>\n<li>acquisire sicurezza e migliorare&nbsp;<strong>le capacit\u00e0 espressive e comunicative<\/strong><\/li>\n<\/ul>\n<p>Questo programma online \u00e8 aperto a tutti i bambini dai 5* agli 11 anni di et\u00e0, qualsiasi sia il loro livello di conoscenza della lingua, e sar\u00e0 tenuto da un docente madrelingua.<br><i>(*per iscriversi bambini devono essere almeno in Y1)<\/i><\/p>\n<p>Per verificare il livello di ogni studente e personalizzare di conseguenza le sessioni verr\u00e0 inviato un breve questionario prima dell\u2019inizio delle sessioni online.<\/p>\t\t\t\t\t\t\t\t<\/div>\n\t\t\t\t<\/div>\n\t\t\t\t<div class=\"elementor-element elementor-element-29551a1 elementor-widget elementor-widget-text-editor\" data-id=\"29551a1\" data-element_type=\"widget\" data-widget_type=\"text-editor.default\">\n\t\t\t\t<div class=\"elementor-widget-container\">\n\t\t\t\t\t\t\t\t\t<div class=\"kc-elm kc-css-670392\"><span style=\"letter-spacing: 0px\">Una volta effettuato il pagamento sar\u00e0 possibile prenotare il proprio slot<\/span><strong style=\"letter-spacing: 0px\">.<\/strong><\/div>\n<div class=\"kc-elm kc-css-124696 kc_text_block\">\n<p>Sono disponibili sconti per i fratelli.<\/p>\n<\/div>\t\t\t\t\t\t\t\t<\/div>\n\t\t\t\t<\/div>\n\t\t\t\t\t<\/div>\n\t\t<\/div>\n\t\t\t\t\t<\/div>\n\t\t<\/section>\n\t\t\t\t<section class=\"elementor-section elementor-top-section elementor-element elementor-element-bbb8a46 elementor-section-boxed elementor-section-height-default elementor-section-height-default\" data-id=\"bbb8a46\" data-element_type=\"section\">\n\t\t\t\t\t\t<div class=\"elementor-container elementor-column-gap-default\">\n\t\t\t\t\t<div class=\"elementor-column elementor-col-100 elementor-top-column elementor-element elementor-element-34a62aa\" data-id=\"34a62aa\" data-element_type=\"column\">\n\t\t\t<div class=\"elementor-widget-wrap elementor-element-populated\">\n\t\t\t\t\t\t<div class=\"elementor-element elementor-element-8236943 elementor-widget elementor-widget-text-editor\" data-id=\"8236943\" data-element_type=\"widget\" data-widget_type=\"text-editor.default\">\n\t\t\t\t<div class=\"elementor-widget-container\">\n\t\t\t\t\t\t\t\t\t<div class=\"kc-elm kc-css-675368 kc_text_block\">\n<h3>Quota di iscrizione<\/h3>\n<p><strong>\u00a3200 per bambino a settimana<\/strong> (5 ore, 1 ora al giorno, dal luned\u00ec al venerd\u00ec)<\/p><p>Contattaci per maggiori informazioni: scrivici all'indirizzo <a href=\"mailto:enquiries@sial.courses\">enquiries@sial.courses<\/a><\/p>\n<\/div>\t\t\t\t\t\t\t\t<\/div>\n\t\t\t\t<\/div>\n\t\t\t\t\t<\/div>\n\t\t<\/div>\n\t\t\t\t\t<\/div>\n\t\t<\/section>\n\t\t\t\t<section class=\"elementor-section elementor-top-section elementor-element elementor-element-6bd6345 elementor-section-boxed elementor-section-height-default elementor-section-height-default\" data-id=\"6bd6345\" data-element_type=\"section\">\n\t\t\t\t\t\t<div class=\"elementor-container elementor-column-gap-default\">\n\t\t\t\t\t<div class=\"elementor-column elementor-col-100 elementor-top-column elementor-element elementor-element-2b538f8\" data-id=\"2b538f8\" data-element_type=\"column\">\n\t\t\t<div class=\"elementor-widget-wrap elementor-element-populated\">\n\t\t\t\t\t\t<div class=\"elementor-element elementor-element-8186b58 elementor-widget elementor-widget-text-editor\" data-id=\"8186b58\" data-element_type=\"widget\" data-widget_type=\"text-editor.default\">\n\t\t\t\t<div class=\"elementor-widget-container\">\n\t\t\t\t\t\t\t\t\t<h3>Gruppi ad hoc<\/h3><p>\u00c8 ora possibile prenotare un corso personalizzato per un gruppo di bambini durante una delle settimane a calendario (previa disponibilit\u00e0 del docente).<br \/>Per usufruire di questo programma ad hoc vi chiediamo di riunire un piccolo gruppo di bambini di et\u00e0 simile che desiderano frequentare il corso online insieme.<\/p><p>Il nostro team \u00e8 a disposizione per ulteriori informazioni: <a href=\"https:\/\/sial.courses\/contact\/\">contattaci qui<\/a>.<\/p>\t\t\t\t\t\t\t\t<\/div>\n\t\t\t\t<\/div>\n\t\t\t\t\t<\/div>\n\t\t<\/div>\n\t\t\t\t\t<\/div>\n\t\t<\/section>\n\t\t\t\t<\/div>","protected":false},"excerpt":{"rendered":"<p>Our Half-term Italian Club is a great opportunity for a week-long immersion in the Italian language and culture.This Club runs over Half-Term and school holidays and<span class=\"excerpt-hellip\"> [\u2026]<\/span><\/p>\n","protected":false},"author":2,"featured_media":0,"parent":177,"menu_order":0,"comment_status":"closed","ping_status":"closed","template":"","meta":{"footnotes":""},"class_list":["post-179","page","type-page","status-publish","hentry"],"yoast_head":"<!-- This site is optimized with the Yoast SEO plugin v27.3 - https:\/\/yoast.com\/product\/yoast-seo-wordpress\/ -->\n<title>Italian Club (5-11yo) - SIAL.courses<\/title>\n<meta name=\"robots\" content=\"index, follow, max-snippet:-1, max-image-preview:large, max-video-preview:-1\" \/>\n<link rel=\"canonical\" href=\"https:\/\/sial.courses\/it\/our-courses\/intensive\/italian-club-5-11yo\/\" \/>\n<meta property=\"og:locale\" content=\"it_IT\" \/>\n<meta property=\"og:type\" content=\"article\" \/>\n<meta property=\"og:title\" content=\"Italian Club (5-11yo) - SIAL.courses\" \/>\n<meta property=\"og:description\" content=\"Our Half-term Italian Club is a great opportunity for a week-long immersion in the Italian language and culture.This Club runs over Half-Term and school holidays and [\u2026]\" \/>\n<meta property=\"og:url\" content=\"https:\/\/sial.courses\/it\/our-courses\/intensive\/italian-club-5-11yo\/\" \/>\n<meta property=\"og:site_name\" content=\"SIAL.courses\" \/>\n<meta property=\"article:modified_time\" content=\"2026-01-22T16:30:22+00:00\" \/>\n<meta name=\"twitter:card\" content=\"summary_large_image\" \/>\n<meta name=\"twitter:label1\" content=\"Tempo di lettura stimato\" \/>\n\t<meta name=\"twitter:data1\" content=\"2 minuti\" \/>\n<script type=\"application\/ld+json\" class=\"yoast-schema-graph\">{\"@context\":\"https:\\\/\\\/schema.org\",\"@graph\":[{\"@type\":\"WebPage\",\"@id\":\"https:\\\/\\\/sial.courses\\\/our-courses\\\/intensive\\\/italian-club-5-11yo\\\/\",\"url\":\"https:\\\/\\\/sial.courses\\\/our-courses\\\/intensive\\\/italian-club-5-11yo\\\/\",\"name\":\"Italian Club (5-11yo) - SIAL.courses\",\"isPartOf\":{\"@id\":\"https:\\\/\\\/sial.courses\\\/it\\\/#website\"},\"datePublished\":\"2020-06-16T11:42:51+00:00\",\"dateModified\":\"2026-01-22T16:30:22+00:00\",\"breadcrumb\":{\"@id\":\"https:\\\/\\\/sial.courses\\\/our-courses\\\/intensive\\\/italian-club-5-11yo\\\/#breadcrumb\"},\"inLanguage\":\"it-IT\",\"potentialAction\":[{\"@type\":\"ReadAction\",\"target\":[\"https:\\\/\\\/sial.courses\\\/our-courses\\\/intensive\\\/italian-club-5-11yo\\\/\"]}]},{\"@type\":\"BreadcrumbList\",\"@id\":\"https:\\\/\\\/sial.courses\\\/our-courses\\\/intensive\\\/italian-club-5-11yo\\\/#breadcrumb\",\"itemListElement\":[{\"@type\":\"ListItem\",\"position\":1,\"name\":\"Home\",\"item\":\"https:\\\/\\\/sial.courses\\\/\"},{\"@type\":\"ListItem\",\"position\":2,\"name\":\"Our Courses\",\"item\":\"https:\\\/\\\/sial.courses\\\/our-courses\\\/\"},{\"@type\":\"ListItem\",\"position\":3,\"name\":\"Intensive\",\"item\":\"https:\\\/\\\/sial.courses\\\/our-courses\\\/intensive\\\/\"},{\"@type\":\"ListItem\",\"position\":4,\"name\":\"Italian Club (5-11yo)\"}]},{\"@type\":\"WebSite\",\"@id\":\"https:\\\/\\\/sial.courses\\\/it\\\/#website\",\"url\":\"https:\\\/\\\/sial.courses\\\/it\\\/\",\"name\":\"SIAL.courses\",\"description\":\"Italian for all\",\"potentialAction\":[{\"@type\":\"SearchAction\",\"target\":{\"@type\":\"EntryPoint\",\"urlTemplate\":\"https:\\\/\\\/sial.courses\\\/it\\\/?s={search_term_string}\"},\"query-input\":{\"@type\":\"PropertyValueSpecification\",\"valueRequired\":true,\"valueName\":\"search_term_string\"}}],\"inLanguage\":\"it-IT\"}]}<\/script>\n<!-- \/ Yoast SEO plugin. -->","yoast_head_json":{"title":"Italian Club (5-11yo) - SIAL.courses","robots":{"index":"index","follow":"follow","max-snippet":"max-snippet:-1","max-image-preview":"max-image-preview:large","max-video-preview":"max-video-preview:-1"},"canonical":"https:\/\/sial.courses\/it\/our-courses\/intensive\/italian-club-5-11yo\/","og_locale":"it_IT","og_type":"article","og_title":"Italian Club (5-11yo) - SIAL.courses","og_description":"Our Half-term Italian Club is a great opportunity for a week-long immersion in the Italian language and culture.This Club runs over Half-Term and school holidays and [\u2026]","og_url":"https:\/\/sial.courses\/it\/our-courses\/intensive\/italian-club-5-11yo\/","og_site_name":"SIAL.courses","article_modified_time":"2026-01-22T16:30:22+00:00","twitter_card":"summary_large_image","twitter_misc":{"Tempo di lettura stimato":"2 minuti"},"schema":{"@context":"https:\/\/schema.org","@graph":[{"@type":"WebPage","@id":"https:\/\/sial.courses\/our-courses\/intensive\/italian-club-5-11yo\/","url":"https:\/\/sial.courses\/our-courses\/intensive\/italian-club-5-11yo\/","name":"Italian Club (5-11yo) - SIAL.courses","isPartOf":{"@id":"https:\/\/sial.courses\/it\/#website"},"datePublished":"2020-06-16T11:42:51+00:00","dateModified":"2026-01-22T16:30:22+00:00","breadcrumb":{"@id":"https:\/\/sial.courses\/our-courses\/intensive\/italian-club-5-11yo\/#breadcrumb"},"inLanguage":"it-IT","potentialAction":[{"@type":"ReadAction","target":["https:\/\/sial.courses\/our-courses\/intensive\/italian-club-5-11yo\/"]}]},{"@type":"BreadcrumbList","@id":"https:\/\/sial.courses\/our-courses\/intensive\/italian-club-5-11yo\/#breadcrumb","itemListElement":[{"@type":"ListItem","position":1,"name":"Home","item":"https:\/\/sial.courses\/"},{"@type":"ListItem","position":2,"name":"Our Courses","item":"https:\/\/sial.courses\/our-courses\/"},{"@type":"ListItem","position":3,"name":"Intensive","item":"https:\/\/sial.courses\/our-courses\/intensive\/"},{"@type":"ListItem","position":4,"name":"Italian Club (5-11yo)"}]},{"@type":"WebSite","@id":"https:\/\/sial.courses\/it\/#website","url":"https:\/\/sial.courses\/it\/","name":"SIAL.courses","description":"Italian for all","potentialAction":[{"@type":"SearchAction","target":{"@type":"EntryPoint","urlTemplate":"https:\/\/sial.courses\/it\/?s={search_term_string}"},"query-input":{"@type":"PropertyValueSpecification","valueRequired":true,"valueName":"search_term_string"}}],"inLanguage":"it-IT"}]}},"_links":{"self":[{"href":"https:\/\/sial.courses\/it\/wp-json\/wp\/v2\/pages\/179","targetHints":{"allow":["GET"]}}],"collection":[{"href":"https:\/\/sial.courses\/it\/wp-json\/wp\/v2\/pages"}],"about":[{"href":"https:\/\/sial.courses\/it\/wp-json\/wp\/v2\/types\/page"}],"author":[{"embeddable":true,"href":"https:\/\/sial.courses\/it\/wp-json\/wp\/v2\/users\/2"}],"replies":[{"embeddable":true,"href":"https:\/\/sial.courses\/it\/wp-json\/wp\/v2\/comments?post=179"}],"version-history":[{"count":96,"href":"https:\/\/sial.courses\/it\/wp-json\/wp\/v2\/pages\/179\/revisions"}],"predecessor-version":[{"id":10146,"href":"https:\/\/sial.courses\/it\/wp-json\/wp\/v2\/pages\/179\/revisions\/10146"}],"up":[{"embeddable":true,"href":"https:\/\/sial.courses\/it\/wp-json\/wp\/v2\/pages\/177"}],"wp:attachment":[{"href":"https:\/\/sial.courses\/it\/wp-json\/wp\/v2\/media?parent=179"}],"curies":[{"name":"wp","href":"https:\/\/api.w.org\/{rel}","templated":true}]}}