{"id":144,"date":"2020-06-16T11:29:45","date_gmt":"2020-06-16T11:29:45","guid":{"rendered":"https:\/\/sial.courses\/?page_id=144"},"modified":"2020-06-29T17:18:12","modified_gmt":"2020-06-29T17:18:12","slug":"why-choose-us","status":"publish","type":"page","link":"https:\/\/sial.courses\/it\/chi-siamo\/perche-sceglierci\/","title":{"rendered":"Perch\u00e9 sceglierci"},"content":{"rendered":"<div data-elementor-type=\"wp-page\" data-elementor-id=\"144\" class=\"elementor elementor-144\">\n\t\t\t\t\t\t<section class=\"elementor-section elementor-top-section elementor-element elementor-element-11c708e elementor-section-boxed elementor-section-height-default elementor-section-height-default\" data-id=\"11c708e\" data-element_type=\"section\">\n\t\t\t\t\t\t<div class=\"elementor-container elementor-column-gap-default\">\n\t\t\t\t\t<div class=\"elementor-column elementor-col-100 elementor-top-column elementor-element elementor-element-b05a0ef\" data-id=\"b05a0ef\" data-element_type=\"column\">\n\t\t\t<div class=\"elementor-widget-wrap elementor-element-populated\">\n\t\t\t\t\t\t<div class=\"elementor-element elementor-element-2627ef0 elementor-widget elementor-widget-text-editor\" data-id=\"2627ef0\" data-element_type=\"widget\" data-widget_type=\"text-editor.default\">\n\t\t\t\t<div class=\"elementor-widget-container\">\n\t\t\t\t\t\t\t\t\t<p>Al centro della nostra missione c'\u00e8 l'insegnamento della lingua e cultura italiana.<br \/><b>Ogni anno pi\u00f9 di 1.000 studenti scelgono di imparare l'italiano con noi.<\/b><\/p>\t\t\t\t\t\t\t\t<\/div>\n\t\t\t\t<\/div>\n\t\t\t\t\t<\/div>\n\t\t<\/div>\n\t\t\t\t\t<\/div>\n\t\t<\/section>\n\t\t\t\t<section class=\"elementor-section elementor-top-section elementor-element elementor-element-dae5a69 elementor-section-boxed elementor-section-height-default elementor-section-height-default\" data-id=\"dae5a69\" data-element_type=\"section\">\n\t\t\t\t\t\t<div class=\"elementor-container elementor-column-gap-default\">\n\t\t\t\t\t<div class=\"elementor-column elementor-col-100 elementor-top-column elementor-element elementor-element-9962c6c\" data-id=\"9962c6c\" data-element_type=\"column\">\n\t\t\t<div class=\"elementor-widget-wrap elementor-element-populated\">\n\t\t\t\t\t\t<div class=\"elementor-element elementor-element-af3989d elementor-widget elementor-widget-heading\" data-id=\"af3989d\" data-element_type=\"widget\" data-widget_type=\"heading.default\">\n\t\t\t\t<div class=\"elementor-widget-container\">\n\t\t\t\t\t<h3 class=\"elementor-heading-title elementor-size-default\">Perch\u00e9 SIAL.courses<\/h3>\t\t\t\t<\/div>\n\t\t\t\t<\/div>\n\t\t\t\t\t<\/div>\n\t\t<\/div>\n\t\t\t\t\t<\/div>\n\t\t<\/section>\n\t\t\t\t<section class=\"elementor-section elementor-top-section elementor-element elementor-element-cbf398c elementor-section-boxed elementor-section-height-default elementor-section-height-default\" data-id=\"cbf398c\" data-element_type=\"section\">\n\t\t\t\t\t\t<div class=\"elementor-container elementor-column-gap-default\">\n\t\t\t\t\t<div class=\"elementor-column elementor-col-100 elementor-top-column elementor-element elementor-element-b9767e3\" data-id=\"b9767e3\" data-element_type=\"column\">\n\t\t\t<div class=\"elementor-widget-wrap elementor-element-populated\">\n\t\t\t\t\t\t<div class=\"elementor-element elementor-element-80fe83e elementor-widget elementor-widget-text-editor\" data-id=\"80fe83e\" data-element_type=\"widget\" data-widget_type=\"text-editor.default\">\n\t\t\t\t<div class=\"elementor-widget-container\">\n\t\t\t\t\t\t\t\t\t<ul><li>Insegnanti <strong>madrelingua<\/strong> con comprovata esperienza<\/li><li>Competenza specifica in <strong>acquisizione linguistica<\/strong> e <strong>bilinguismo.<\/strong><\/li><li><strong>Metodi didattici<\/strong> interattivi<\/li><li>Ambiente amichevole <strong>e stimolante<\/strong><\/li><li><strong>Risorse e attivit\u00e0<\/strong> organizzate durante tutto l'anno<\/li><\/ul><p><span style=\"letter-spacing: 0px\">Vuoi iniziare il tuo percorso di apprendimento della lingua e della cultura italiana insieme a noi?<\/span><\/p>\t\t\t\t\t\t\t\t<\/div>\n\t\t\t\t<\/div>\n\t\t\t\t\t<\/div>\n\t\t<\/div>\n\t\t\t\t\t<\/div>\n\t\t<\/section>\n\t\t\t\t<section class=\"elementor-section elementor-top-section elementor-element elementor-element-df6b3c3 elementor-section-boxed elementor-section-height-default elementor-section-height-default\" data-id=\"df6b3c3\" data-element_type=\"section\">\n\t\t\t\t\t\t<div class=\"elementor-container elementor-column-gap-default\">\n\t\t\t\t\t<div class=\"elementor-column elementor-col-100 elementor-top-column elementor-element elementor-element-6cb5da5\" data-id=\"6cb5da5\" data-element_type=\"column\">\n\t\t\t<div class=\"elementor-widget-wrap elementor-element-populated\">\n\t\t\t\t\t\t<div class=\"elementor-element elementor-element-7de8739 elementor-widget elementor-widget-button\" data-id=\"7de8739\" data-element_type=\"widget\" data-widget_type=\"button.default\">\n\t\t\t\t<div class=\"elementor-widget-container\">\n\t\t\t\t\t\t\t\t\t<div class=\"elementor-button-wrapper\">\n\t\t\t\t\t<a class=\"elementor-button elementor-button-link elementor-size-sm\" href=\"https:\/\/sial.courses\/our-courses\/\">\n\t\t\t\t\t\t<span class=\"elementor-button-content-wrapper\">\n\t\t\t\t\t\t\t\t\t<span class=\"elementor-button-text\">Scopri tutti i nostri corsi <\/span>\n\t\t\t\t\t<\/span>\n\t\t\t\t\t<\/a>\n\t\t\t\t<\/div>\n\t\t\t\t\t\t\t\t<\/div>\n\t\t\t\t<\/div>\n\t\t\t\t<div class=\"elementor-element elementor-element-4eeea4b elementor-widget elementor-widget-spacer\" data-id=\"4eeea4b\" data-element_type=\"widget\" data-widget_type=\"spacer.default\">\n\t\t\t\t<div class=\"elementor-widget-container\">\n\t\t\t\t\t\t\t<div class=\"elementor-spacer\">\n\t\t\t<div class=\"elementor-spacer-inner\"><\/div>\n\t\t<\/div>\n\t\t\t\t\t\t<\/div>\n\t\t\t\t<\/div>\n\t\t\t\t\t<\/div>\n\t\t<\/div>\n\t\t\t\t\t<\/div>\n\t\t<\/section>\n\t\t\t\t<section class=\"elementor-section elementor-top-section elementor-element elementor-element-299fbeb elementor-section-boxed elementor-section-height-default elementor-section-height-default\" data-id=\"299fbeb\" data-element_type=\"section\">\n\t\t\t\t\t\t<div class=\"elementor-container elementor-column-gap-default\">\n\t\t\t\t\t<div class=\"elementor-column elementor-col-100 elementor-top-column elementor-element elementor-element-1c1dcb6\" data-id=\"1c1dcb6\" data-element_type=\"column\">\n\t\t\t<div class=\"elementor-widget-wrap elementor-element-populated\">\n\t\t\t\t\t\t<div class=\"elementor-element elementor-element-1f0f2a5 elementor-widget elementor-widget-mfn_blockquote\" data-id=\"1f0f2a5\" data-element_type=\"widget\" data-widget_type=\"mfn_blockquote.default\">\n\t\t\t\t<div class=\"elementor-widget-container\">\n\t\t\t\t\t<div class=\"blockquote\"><blockquote>Emanuele \u00e8 un insegnante eccellente. \u00c8 riuscito a mantenere vivo l'interesse per tutta la durata del corso ed \u00e8 evidente il suo coinvolgimento nel processo di apprendimento dei bambini.<\/blockquote><p class=\"author\"><i class=\"icon-user\"><\/i><span>Corso di italiano extra-curriculare - Secondary Medio<\/span><\/p><\/div>\n\t\t\t\t<\/div>\n\t\t\t\t<\/div>\n\t\t\t\t\t<\/div>\n\t\t<\/div>\n\t\t\t\t\t<\/div>\n\t\t<\/section>\n\t\t\t\t<\/div>","protected":false},"excerpt":{"rendered":"<p>At the heart of our mission is the teaching of the Italian language and culture. Every year more than 1,000 students choose to learn Italian with<span class=\"excerpt-hellip\"> [\u2026]<\/span><\/p>\n","protected":false},"author":2,"featured_media":0,"parent":141,"menu_order":0,"comment_status":"closed","ping_status":"closed","template":"","meta":{"footnotes":""},"class_list":["post-144","page","type-page","status-publish","hentry"],"yoast_head":"<!-- This site is optimized with the Yoast SEO plugin v27.3 - https:\/\/yoast.com\/product\/yoast-seo-wordpress\/ -->\n<title>Italian language courses - Why choose SIAL.courses<\/title>\n<meta name=\"description\" content=\"Experienced, native Italian speaking teachers. Specific expertise in language acquisition and bilingualism. Interactive teaching methods.\" \/>\n<meta name=\"robots\" content=\"index, follow, max-snippet:-1, max-image-preview:large, max-video-preview:-1\" \/>\n<link rel=\"canonical\" href=\"https:\/\/sial.courses\/it\/about-us\/why-choose-us\/\" \/>\n<meta property=\"og:locale\" content=\"it_IT\" \/>\n<meta property=\"og:type\" content=\"article\" \/>\n<meta property=\"og:title\" content=\"Italian language courses - Why choose SIAL.courses\" \/>\n<meta property=\"og:description\" content=\"Experienced, native Italian speaking teachers. Specific expertise in language acquisition and bilingualism. Interactive teaching methods.\" \/>\n<meta property=\"og:url\" content=\"https:\/\/sial.courses\/it\/about-us\/why-choose-us\/\" \/>\n<meta property=\"og:site_name\" content=\"SIAL.courses\" \/>\n<meta property=\"article:modified_time\" content=\"2020-06-29T17:18:12+00:00\" \/>\n<meta name=\"twitter:card\" content=\"summary_large_image\" \/>\n<script type=\"application\/ld+json\" class=\"yoast-schema-graph\">{\"@context\":\"https:\\\/\\\/schema.org\",\"@graph\":[{\"@type\":\"WebPage\",\"@id\":\"https:\\\/\\\/sial.courses\\\/about-us\\\/why-choose-us\\\/\",\"url\":\"https:\\\/\\\/sial.courses\\\/about-us\\\/why-choose-us\\\/\",\"name\":\"Italian language courses - Why choose SIAL.courses\",\"isPartOf\":{\"@id\":\"https:\\\/\\\/sial.courses\\\/it\\\/#website\"},\"datePublished\":\"2020-06-16T11:29:45+00:00\",\"dateModified\":\"2020-06-29T17:18:12+00:00\",\"description\":\"Experienced, native Italian speaking teachers. Specific expertise in language acquisition and bilingualism. Interactive teaching methods.\",\"breadcrumb\":{\"@id\":\"https:\\\/\\\/sial.courses\\\/about-us\\\/why-choose-us\\\/#breadcrumb\"},\"inLanguage\":\"it-IT\",\"potentialAction\":[{\"@type\":\"ReadAction\",\"target\":[\"https:\\\/\\\/sial.courses\\\/about-us\\\/why-choose-us\\\/\"]}]},{\"@type\":\"BreadcrumbList\",\"@id\":\"https:\\\/\\\/sial.courses\\\/about-us\\\/why-choose-us\\\/#breadcrumb\",\"itemListElement\":[{\"@type\":\"ListItem\",\"position\":1,\"name\":\"Home\",\"item\":\"https:\\\/\\\/sial.courses\\\/\"},{\"@type\":\"ListItem\",\"position\":2,\"name\":\"About Us\",\"item\":\"https:\\\/\\\/sial.courses\\\/about-us\\\/\"},{\"@type\":\"ListItem\",\"position\":3,\"name\":\"Why choose us\"}]},{\"@type\":\"WebSite\",\"@id\":\"https:\\\/\\\/sial.courses\\\/it\\\/#website\",\"url\":\"https:\\\/\\\/sial.courses\\\/it\\\/\",\"name\":\"SIAL.courses\",\"description\":\"Italian for all\",\"potentialAction\":[{\"@type\":\"SearchAction\",\"target\":{\"@type\":\"EntryPoint\",\"urlTemplate\":\"https:\\\/\\\/sial.courses\\\/it\\\/?s={search_term_string}\"},\"query-input\":{\"@type\":\"PropertyValueSpecification\",\"valueRequired\":true,\"valueName\":\"search_term_string\"}}],\"inLanguage\":\"it-IT\"}]}<\/script>\n<!-- \/ Yoast SEO plugin. -->","yoast_head_json":{"title":"Italian language courses - Why choose SIAL.courses","description":"Experienced, native Italian speaking teachers. Specific expertise in language acquisition and bilingualism. Interactive teaching methods.","robots":{"index":"index","follow":"follow","max-snippet":"max-snippet:-1","max-image-preview":"max-image-preview:large","max-video-preview":"max-video-preview:-1"},"canonical":"https:\/\/sial.courses\/it\/about-us\/why-choose-us\/","og_locale":"it_IT","og_type":"article","og_title":"Italian language courses - Why choose SIAL.courses","og_description":"Experienced, native Italian speaking teachers. Specific expertise in language acquisition and bilingualism. Interactive teaching methods.","og_url":"https:\/\/sial.courses\/it\/about-us\/why-choose-us\/","og_site_name":"SIAL.courses","article_modified_time":"2020-06-29T17:18:12+00:00","twitter_card":"summary_large_image","schema":{"@context":"https:\/\/schema.org","@graph":[{"@type":"WebPage","@id":"https:\/\/sial.courses\/about-us\/why-choose-us\/","url":"https:\/\/sial.courses\/about-us\/why-choose-us\/","name":"Italian language courses - Why choose SIAL.courses","isPartOf":{"@id":"https:\/\/sial.courses\/it\/#website"},"datePublished":"2020-06-16T11:29:45+00:00","dateModified":"2020-06-29T17:18:12+00:00","description":"Experienced, native Italian speaking teachers. Specific expertise in language acquisition and bilingualism. Interactive teaching methods.","breadcrumb":{"@id":"https:\/\/sial.courses\/about-us\/why-choose-us\/#breadcrumb"},"inLanguage":"it-IT","potentialAction":[{"@type":"ReadAction","target":["https:\/\/sial.courses\/about-us\/why-choose-us\/"]}]},{"@type":"BreadcrumbList","@id":"https:\/\/sial.courses\/about-us\/why-choose-us\/#breadcrumb","itemListElement":[{"@type":"ListItem","position":1,"name":"Home","item":"https:\/\/sial.courses\/"},{"@type":"ListItem","position":2,"name":"About Us","item":"https:\/\/sial.courses\/about-us\/"},{"@type":"ListItem","position":3,"name":"Why choose us"}]},{"@type":"WebSite","@id":"https:\/\/sial.courses\/it\/#website","url":"https:\/\/sial.courses\/it\/","name":"SIAL.courses","description":"Italian for all","potentialAction":[{"@type":"SearchAction","target":{"@type":"EntryPoint","urlTemplate":"https:\/\/sial.courses\/it\/?s={search_term_string}"},"query-input":{"@type":"PropertyValueSpecification","valueRequired":true,"valueName":"search_term_string"}}],"inLanguage":"it-IT"}]}},"_links":{"self":[{"href":"https:\/\/sial.courses\/it\/wp-json\/wp\/v2\/pages\/144","targetHints":{"allow":["GET"]}}],"collection":[{"href":"https:\/\/sial.courses\/it\/wp-json\/wp\/v2\/pages"}],"about":[{"href":"https:\/\/sial.courses\/it\/wp-json\/wp\/v2\/types\/page"}],"author":[{"embeddable":true,"href":"https:\/\/sial.courses\/it\/wp-json\/wp\/v2\/users\/2"}],"replies":[{"embeddable":true,"href":"https:\/\/sial.courses\/it\/wp-json\/wp\/v2\/comments?post=144"}],"version-history":[{"count":18,"href":"https:\/\/sial.courses\/it\/wp-json\/wp\/v2\/pages\/144\/revisions"}],"predecessor-version":[{"id":3086,"href":"https:\/\/sial.courses\/it\/wp-json\/wp\/v2\/pages\/144\/revisions\/3086"}],"up":[{"embeddable":true,"href":"https:\/\/sial.courses\/it\/wp-json\/wp\/v2\/pages\/141"}],"wp:attachment":[{"href":"https:\/\/sial.courses\/it\/wp-json\/wp\/v2\/media?parent=144"}],"curies":[{"name":"wp","href":"https:\/\/api.w.org\/{rel}","templated":true}]}}